{"id":9594,"date":"2018-09-11T11:41:57","date_gmt":"2018-09-11T09:41:57","guid":{"rendered":"https:\/\/www.geoplex.de\/?page_id=9594"},"modified":"2025-10-01T11:14:28","modified_gmt":"2025-10-01T09:14:28","slug":"imprint","status":"publish","type":"page","link":"https:\/\/www.geoplex.de\/en\/imprint\/","title":{"rendered":"Imprint"},"content":{"rendered":"<p>[et_pb_section fb_built=&#8221;1&#8243; admin_label=&#8221;section&#8221; _builder_version=&#8221;4.27.4&#8243; border_width_top=&#8221;1px&#8221; border_color_top=&#8221;#73C8D2&#8243; border_width_bottom=&#8221;1px&#8221; border_color_bottom=&#8221;#73C8D2&#8243; global_colors_info=&#8221;{}&#8221;][et_pb_row admin_label=&#8221;row&#8221; _builder_version=&#8221;4.27.4&#8243; background_size=&#8221;initial&#8221; background_position=&#8221;top_left&#8221; background_repeat=&#8221;repeat&#8221; global_colors_info=&#8221;{}&#8221;][et_pb_column type=&#8221;4_4&#8243; _builder_version=&#8221;4.16&#8243; custom_padding=&#8221;|||&#8221; global_colors_info=&#8221;{}&#8221; custom_padding__hover=&#8221;|||&#8221;][et_pb_text _builder_version=&#8221;4.27.4&#8243; _module_preset=&#8221;default&#8221; text_font_size=&#8221;30px&#8221; header_text_color=&#8221;#00a0be&#8221; hover_enabled=&#8221;0&#8243; global_colors_info=&#8221;{}&#8221; sticky_enabled=&#8221;0&#8243;]<\/p>\n<h1>Responsible for the content of this page is<\/h1>\n<p>[\/et_pb_text][et_pb_text _builder_version=&#8221;4.27.4&#8243; _module_preset=&#8221;default&#8221; text_font_size=&#8221;30px&#8221; header_text_color=&#8221;#00a0be&#8221; hover_enabled=&#8221;0&#8243; global_colors_info=&#8221;{}&#8221; sticky_enabled=&#8221;0&#8243;]<\/p>\n<p>GEOPLEX GIS GmbH<br \/>Bohmter Stra\u00dfe 12<br \/>49074 Osnabr\u00fcck<\/p>\n<p><strong>CEO<\/strong><br \/>Frederik Hilling<\/p>\n<p><strong>Limited liability company<\/strong><br \/>Company headquarters<br \/>Osnabr\u00fcck<\/p>\n<p><strong>Commercial Register<\/strong><br \/>Osnabr\u00fcck Local Court<br \/>HRB 209 849<\/p>\n<p><strong>USt-IdNr<\/strong><br \/>DE 302 420 119<\/p>\n<p>[\/et_pb_text][\/et_pb_column][\/et_pb_row][\/et_pb_section][et_pb_section fb_built=&#8221;1&#8243; admin_label=&#8221;section&#8221; _builder_version=&#8221;4.16&#8243; global_colors_info=&#8221;{}&#8221;][et_pb_row admin_label=&#8221;row&#8221; _builder_version=&#8221;4.27.4&#8243; background_size=&#8221;initial&#8221; background_position=&#8221;top_left&#8221; background_repeat=&#8221;repeat&#8221; global_colors_info=&#8221;{}&#8221;][et_pb_column type=&#8221;4_4&#8243; _builder_version=&#8221;4.16&#8243; custom_padding=&#8221;|||&#8221; global_colors_info=&#8221;{}&#8221; custom_padding__hover=&#8221;|||&#8221;][et_pb_text _builder_version=&#8221;4.27.4&#8243; _module_preset=&#8221;default&#8221; text_font_size=&#8221;30px&#8221; header_text_color=&#8221;#73C8D2&#8243; hover_enabled=&#8221;0&#8243; global_colors_info=&#8221;{}&#8221; sticky_enabled=&#8221;0&#8243;]<\/p>\n<p><strong>Contact<\/strong><br \/>Geoplex GIS GmbH<br \/>Bohmter Stra\u00dfe 12<br \/>49074 Osnabr\u00fcck<\/p>\n<p>+49(0) 541 977695-90<br \/>info@geoplex.de<\/p>\n<p>[\/et_pb_text][\/et_pb_column][\/et_pb_row][\/et_pb_section]<\/p>\n","protected":false},"excerpt":{"rendered":"<p>Responsible for the content of this page isGEOPLEX GIS GmbHBohmter Stra\u00dfe 1249074 Osnabr\u00fcck CEOFrederik Hilling Limited liability companyCompany headquartersOsnabr\u00fcck Commercial RegisterOsnabr\u00fcck Local CourtHRB 209 849 USt-IdNrDE 302 420 119ContactGeoplex GIS GmbHBohmter Stra\u00dfe 1249074 Osnabr\u00fcck +49(0) 541 977695-90info@geoplex.de<\/p>\n","protected":false},"author":2,"featured_media":0,"parent":0,"menu_order":0,"comment_status":"closed","ping_status":"closed","template":"","meta":{"_et_pb_use_builder":"on","_et_pb_old_content":"[et_pb_section fb_built=\"1\" admin_label=\"section\" _builder_version=\"4.27.4\" border_width_top=\"1px\" border_color_top=\"#73C8D2\" border_width_bottom=\"1px\" border_color_bottom=\"#73C8D2\" global_colors_info=\"{}\"][et_pb_row admin_label=\"row\" _builder_version=\"4.27.4\" background_size=\"initial\" background_position=\"top_left\" background_repeat=\"repeat\" global_colors_info=\"{}\"][et_pb_column type=\"4_4\" _builder_version=\"4.16\" custom_padding=\"|||\" global_colors_info=\"{}\" custom_padding__hover=\"|||\"][et_pb_text _builder_version=\"4.27.4\" _module_preset=\"default\" text_font_size=\"30px\" header_text_color=\"#00a0be\" hover_enabled=\"0\" global_colors_info=\"{}\" sticky_enabled=\"0\"]<h1>Verantwortlich f\u00fcr die Inhalte dieser Seite zeichnet sich<\/h1>[\/et_pb_text][et_pb_text _builder_version=\"4.27.4\" _module_preset=\"default\" text_font_size=\"30px\" header_text_color=\"#00a0be\" hover_enabled=\"0\" global_colors_info=\"{}\" sticky_enabled=\"0\"]<p>GEOPLEX GIS GmbH<br \/>Bohmter Stra\u00dfe 12<br \/>49074 Osnabr\u00fcck<\/p>\r\n<p><strong>Gesch\u00e4ftsf\u00fchrer<\/strong><br \/>Frederik Hilling<\/p>\r\n<p><strong>Gesellschaft mit beschr\u00e4nkter Haftung<\/strong><br \/>Sitz der Gesellschaft<br \/>Osnabr\u00fcck<\/p>\r\n<p><strong>Handelsregister<\/strong><br \/>Amtsgericht Osnabr\u00fcck<br \/>HRB 209 849<\/p>\r\n<p><strong>USt-IdNr<\/strong><br \/>DE 302 420 119<\/p>[\/et_pb_text][\/et_pb_column][\/et_pb_row][\/et_pb_section][et_pb_section fb_built=\"1\" admin_label=\"section\" _builder_version=\"4.16\" global_colors_info=\"{}\"][et_pb_row admin_label=\"row\" _builder_version=\"4.27.4\" background_size=\"initial\" background_position=\"top_left\" background_repeat=\"repeat\" global_colors_info=\"{}\"][et_pb_column type=\"4_4\" _builder_version=\"4.16\" custom_padding=\"|||\" global_colors_info=\"{}\" custom_padding__hover=\"|||\"][et_pb_text _builder_version=\"4.27.4\" _module_preset=\"default\" text_font_size=\"30px\" header_text_color=\"#73C8D2\" global_colors_info=\"{}\"]<p><strong>Kontakt<\/strong><br \/>Geoplex GIS GmbH<br \/>Bohmter Stra\u00dfe 12<br \/>49074 Osnabr\u00fcck<\/p>\r\n<p>+49(0) 541 977695-90<br \/>info@geoplex.de<\/p>[\/et_pb_text][\/et_pb_column][\/et_pb_row][\/et_pb_section]","_et_gb_content_width":"","inline_featured_image":false,"footnotes":""},"class_list":["post-9594","page","type-page","status-publish","hentry"],"yoast_head":"<!-- This site is optimized with the Yoast SEO plugin v27.2 - https:\/\/yoast.com\/product\/yoast-seo-wordpress\/ -->\n<title>Imprint | Geoplex<\/title>\n<meta name=\"robots\" content=\"index, follow, max-snippet:-1, max-image-preview:large, max-video-preview:-1\" \/>\n<link rel=\"canonical\" href=\"https:\/\/www.geoplex.de\/en\/imprint\/\" \/>\n<meta property=\"og:locale\" content=\"en_US\" \/>\n<meta property=\"og:type\" content=\"article\" \/>\n<meta property=\"og:title\" content=\"Imprint | Geoplex\" \/>\n<meta property=\"og:description\" content=\"Responsible for the content of this page isGEOPLEX GIS GmbHBohmter Stra\u00dfe 1249074 Osnabr\u00fcck CEOFrederik Hilling Limited liability companyCompany headquartersOsnabr\u00fcck Commercial RegisterOsnabr\u00fcck Local CourtHRB 209 849 USt-IdNrDE 302 420 119ContactGeoplex GIS GmbHBohmter Stra\u00dfe 1249074 Osnabr\u00fcck +49(0) 541 977695-90info@geoplex.de\" \/>\n<meta property=\"og:url\" content=\"https:\/\/www.geoplex.de\/en\/imprint\/\" \/>\n<meta property=\"og:site_name\" content=\"Geoplex\" \/>\n<meta property=\"article:publisher\" content=\"https:\/\/www.facebook.com\/GeoplexGIS\/\" \/>\n<meta property=\"article:modified_time\" content=\"2025-10-01T09:14:28+00:00\" \/>\n<meta name=\"twitter:card\" content=\"summary_large_image\" \/>\n<meta name=\"twitter:site\" content=\"@geoplexnews\" \/>\n<meta name=\"twitter:label1\" content=\"Est. reading time\" \/>\n\t<meta name=\"twitter:data1\" content=\"1 minute\" \/>\n<script type=\"application\/ld+json\" class=\"yoast-schema-graph\">{\"@context\":\"https:\/\/schema.org\",\"@graph\":[{\"@type\":\"WebPage\",\"@id\":\"https:\/\/www.geoplex.de\/en\/imprint\/\",\"url\":\"https:\/\/www.geoplex.de\/en\/imprint\/\",\"name\":\"Imprint | Geoplex\",\"isPartOf\":{\"@id\":\"https:\/\/www.geoplex.de\/en\/#website\"},\"datePublished\":\"2018-09-11T09:41:57+00:00\",\"dateModified\":\"2025-10-01T09:14:28+00:00\",\"breadcrumb\":{\"@id\":\"https:\/\/www.geoplex.de\/en\/imprint\/#breadcrumb\"},\"inLanguage\":\"en-US\",\"potentialAction\":[{\"@type\":\"ReadAction\",\"target\":[\"https:\/\/www.geoplex.de\/en\/imprint\/\"]}]},{\"@type\":\"BreadcrumbList\",\"@id\":\"https:\/\/www.geoplex.de\/en\/imprint\/#breadcrumb\",\"itemListElement\":[{\"@type\":\"ListItem\",\"position\":1,\"name\":\"Startseite\",\"item\":\"https:\/\/www.geoplex.de\/en\/\"},{\"@type\":\"ListItem\",\"position\":2,\"name\":\"Imprint\"}]},{\"@type\":\"WebSite\",\"@id\":\"https:\/\/www.geoplex.de\/en\/#website\",\"url\":\"https:\/\/www.geoplex.de\/en\/\",\"name\":\"Geoplex\",\"description\":\"\",\"potentialAction\":[{\"@type\":\"SearchAction\",\"target\":{\"@type\":\"EntryPoint\",\"urlTemplate\":\"https:\/\/www.geoplex.de\/en\/?s={search_term_string}\"},\"query-input\":{\"@type\":\"PropertyValueSpecification\",\"valueRequired\":true,\"valueName\":\"search_term_string\"}}],\"inLanguage\":\"en-US\"}]}<\/script>\n<!-- \/ Yoast SEO plugin. -->","yoast_head_json":{"title":"Imprint | Geoplex","robots":{"index":"index","follow":"follow","max-snippet":"max-snippet:-1","max-image-preview":"max-image-preview:large","max-video-preview":"max-video-preview:-1"},"canonical":"https:\/\/www.geoplex.de\/en\/imprint\/","og_locale":"en_US","og_type":"article","og_title":"Imprint | Geoplex","og_description":"Responsible for the content of this page isGEOPLEX GIS GmbHBohmter Stra\u00dfe 1249074 Osnabr\u00fcck CEOFrederik Hilling Limited liability companyCompany headquartersOsnabr\u00fcck Commercial RegisterOsnabr\u00fcck Local CourtHRB 209 849 USt-IdNrDE 302 420 119ContactGeoplex GIS GmbHBohmter Stra\u00dfe 1249074 Osnabr\u00fcck +49(0) 541 977695-90info@geoplex.de","og_url":"https:\/\/www.geoplex.de\/en\/imprint\/","og_site_name":"Geoplex","article_publisher":"https:\/\/www.facebook.com\/GeoplexGIS\/","article_modified_time":"2025-10-01T09:14:28+00:00","twitter_card":"summary_large_image","twitter_site":"@geoplexnews","twitter_misc":{"Est. reading time":"1 minute"},"schema":{"@context":"https:\/\/schema.org","@graph":[{"@type":"WebPage","@id":"https:\/\/www.geoplex.de\/en\/imprint\/","url":"https:\/\/www.geoplex.de\/en\/imprint\/","name":"Imprint | Geoplex","isPartOf":{"@id":"https:\/\/www.geoplex.de\/en\/#website"},"datePublished":"2018-09-11T09:41:57+00:00","dateModified":"2025-10-01T09:14:28+00:00","breadcrumb":{"@id":"https:\/\/www.geoplex.de\/en\/imprint\/#breadcrumb"},"inLanguage":"en-US","potentialAction":[{"@type":"ReadAction","target":["https:\/\/www.geoplex.de\/en\/imprint\/"]}]},{"@type":"BreadcrumbList","@id":"https:\/\/www.geoplex.de\/en\/imprint\/#breadcrumb","itemListElement":[{"@type":"ListItem","position":1,"name":"Startseite","item":"https:\/\/www.geoplex.de\/en\/"},{"@type":"ListItem","position":2,"name":"Imprint"}]},{"@type":"WebSite","@id":"https:\/\/www.geoplex.de\/en\/#website","url":"https:\/\/www.geoplex.de\/en\/","name":"Geoplex","description":"","potentialAction":[{"@type":"SearchAction","target":{"@type":"EntryPoint","urlTemplate":"https:\/\/www.geoplex.de\/en\/?s={search_term_string}"},"query-input":{"@type":"PropertyValueSpecification","valueRequired":true,"valueName":"search_term_string"}}],"inLanguage":"en-US"}]}},"_links":{"self":[{"href":"https:\/\/www.geoplex.de\/en\/wp-json\/wp\/v2\/pages\/9594","targetHints":{"allow":["GET"]}}],"collection":[{"href":"https:\/\/www.geoplex.de\/en\/wp-json\/wp\/v2\/pages"}],"about":[{"href":"https:\/\/www.geoplex.de\/en\/wp-json\/wp\/v2\/types\/page"}],"author":[{"embeddable":true,"href":"https:\/\/www.geoplex.de\/en\/wp-json\/wp\/v2\/users\/2"}],"replies":[{"embeddable":true,"href":"https:\/\/www.geoplex.de\/en\/wp-json\/wp\/v2\/comments?post=9594"}],"version-history":[{"count":5,"href":"https:\/\/www.geoplex.de\/en\/wp-json\/wp\/v2\/pages\/9594\/revisions"}],"predecessor-version":[{"id":10223,"href":"https:\/\/www.geoplex.de\/en\/wp-json\/wp\/v2\/pages\/9594\/revisions\/10223"}],"wp:attachment":[{"href":"https:\/\/www.geoplex.de\/en\/wp-json\/wp\/v2\/media?parent=9594"}],"curies":[{"name":"wp","href":"https:\/\/api.w.org\/{rel}","templated":true}]}}