{"id":10082,"date":"2025-09-03T13:50:53","date_gmt":"2025-09-03T11:50:53","guid":{"rendered":"https:\/\/www.geoplex.de\/?page_id=10082"},"modified":"2025-10-01T09:05:02","modified_gmt":"2025-10-01T07:05:02","slug":"accessibility-statement","status":"publish","type":"page","link":"https:\/\/www.geoplex.de\/en\/accessibility-statement\/","title":{"rendered":"Accessibility statement"},"content":{"rendered":"<p>[et_pb_section fb_built=&#8221;1&#8243; _builder_version=&#8221;4.27.4&#8243; border_width_top=&#8221;1px&#8221; border_color_top=&#8221;#73C8D2&#8243; global_colors_info=&#8221;{}&#8221;][et_pb_row _builder_version=&#8221;4.16&#8243; background_size=&#8221;initial&#8221; background_position=&#8221;top_left&#8221; background_repeat=&#8221;repeat&#8221; global_colors_info=&#8221;{}&#8221;][et_pb_column type=&#8221;4_4&#8243; _builder_version=&#8221;4.16&#8243; custom_padding=&#8221;|||&#8221; global_colors_info=&#8221;{}&#8221; custom_padding__hover=&#8221;|||&#8221;][et_pb_text admin_label=&#8221;Accessibility statement&#8221; _builder_version=&#8221;4.27.4&#8243; _module_preset=&#8221;default&#8221; header_text_color=&#8221;#00a0be&#8221; hover_enabled=&#8221;0&#8243; global_colors_info=&#8221;{}&#8221; sticky_enabled=&#8221;0&#8243;]<\/p>\n<h1>Accessibility statement<\/h1>\n<p>[\/et_pb_text][et_pb_text _builder_version=&#8221;4.27.4&#8243; _module_preset=&#8221;default&#8221; text_font_size=&#8221;14px&#8221; header_2_font_size=&#8221;14px&#8221; header_3_font_size=&#8221;14px&#8221; hover_enabled=&#8221;0&#8243; global_colors_info=&#8221;{}&#8221; sticky_enabled=&#8221;0&#8243;]<\/p>\n<p>As the operator of this website, Geoplex GIS GmbH endeavors to make all websites and mobile applications accessible in accordance with the provisions of the Federal Disability Equality Act (BGG) and the Barrier-Free Information Technology Ordinance (BITV 2.0) for the implementation of Directive (EU) 2016\/2102.<\/p>\n<p>However, depending on the severity of the motor and\/or visual impairment, use of the portal may be severely restricted.<\/p>\n<p>Conformity status<br \/>The accessibility requirements are based on Sections 3 (1) to (4) and 4 of the BITV 2.0, which was enacted on the basis of Section 12d BGG.<br \/>Compliance with the requirements is based on a BIK BITV self-assessment dated September 2, 2025.<br \/>This statement was created on September 3, 2025.<\/p>\n<p>Report barriers<br \/>Please report any elements of this website where accessibility and barrier-free operation could be improved to info@geoplex.de.<\/p>\n<p>When making inquiries, please specify the affected website or control element as precisely as possible and describe the problem in as much detail as possible.<br \/>Please note that by contacting us via email, you are providing us with your personal data on an expressly voluntary basis (the legal basis for this is Art. 6 (1) (a) GDPR). You can find more information on this in the privacy policy.<\/p>\n<p>[\/et_pb_text][\/et_pb_column][\/et_pb_row][\/et_pb_section]<\/p>\n","protected":false},"excerpt":{"rendered":"<p>Accessibility statementAs the operator of this website, Geoplex GIS GmbH endeavors to make all websites and mobile applications accessible in accordance with the provisions of the Federal Disability Equality Act (BGG) and the Barrier-Free Information Technology Ordinance (BITV 2.0) for the implementation of Directive (EU) 2016\/2102. However, depending on the severity of the motor and\/or [&hellip;]<\/p>\n","protected":false},"author":3,"featured_media":0,"parent":0,"menu_order":0,"comment_status":"closed","ping_status":"closed","template":"","meta":{"_et_pb_use_builder":"on","_et_pb_old_content":"<p>[et_pb_section fb_built=\"1\" _builder_version=\"4.27.4\" border_width_top=\"1px\" border_color_top=\"#73C8D2\" global_colors_info=\"{}\"][et_pb_row _builder_version=\"4.16\" background_size=\"initial\" background_position=\"top_left\" background_repeat=\"repeat\" global_colors_info=\"{}\"][et_pb_column type=\"4_4\" _builder_version=\"4.16\" custom_padding=\"|||\" global_colors_info=\"{}\" custom_padding__hover=\"|||\"][et_pb_text admin_label=\"Erkl\u00e4rung zur Barrierefreiheit\" _builder_version=\"4.27.4\" _module_preset=\"default\" header_text_color=\"#00a0be\" global_colors_info=\"{}\"]<\/p><h1>Erkl\u00e4rung zur Barrierefreiheit<\/h1><p>[\/et_pb_text][et_pb_text _builder_version=\"4.27.4\" _module_preset=\"default\" text_font_size=\"14px\" header_2_font_size=\"14px\" header_3_font_size=\"14px\" hover_enabled=\"0\" global_colors_info=\"{}\" sticky_enabled=\"0\"]Als Betreiber dieser Homepage ist die Geoplex GIS GmbH bem\u00fcht, alle Webseiten und mobilen Anwendungen im Einklang mit den Bestimmungen des Behindertengleichstellungsgesetzes des Bundes (BGG) sowie der Barrierefreien-Informationstechnik-Verordnung (BITV 2.0) zur Umsetzung der Richtlinie (EU) 2016\/2102 barrierefrei zug\u00e4nglich zu machen.<\/p><p>Je nach Schwere der motorischen und\/oder visuellen Behinderung kann die Nutzung des Portals jedoch stark eingeschr\u00e4nkt sein.<\/p><p><strong>Konformit\u00e4tsstatus<\/strong><br \/>Die Anforderungen der Barrierefreiheit ergeben sich grunds\u00e4tzlich aus \u00a7\u00a7 3 Abs\u00e4tze 1 bis 4 und 4 der BITV 2.0, die auf der Grundlage von \u00a7 12d BGG erlassen wurde.<br \/>Die \u00dcberpr\u00fcfung der Einhaltung der Anforderungen beruht auf einer BIK BITV-Selbstbewertung vom 02.09.2025.<br \/>Diese Erkl\u00e4rung wurde am 03.09.2025 erstellt.<\/p><p><strong>Barrieren melden<\/strong><br \/>Bitte melden Sie Elemente dieses Webangebots, bei denen die Zug\u00e4nglichkeit und die barrierefreie Bedienung verbessert werden k\u00f6nnten an <a href=\"mailto:info@geoplex.de\">info@geoplex.de<\/a>.<\/p><p>Bitte geben Sie bei Anfragen m\u00f6glichst genau die betroffene Internetseite bzw. das Bedienelement an und beschreiben Sie das Problem m\u00f6glichst detailliert.<br \/>Beachten Sie, dass Sie uns durch die Kontaktaufnahme via E-Mail die von Ihnen angegebenen personenbezogenen Daten auf ausdr\u00fccklich freiwilliger Basis \u00fcbermitteln (Rechtsgrundlage ist Art. 6 Abs. 1 S. 1 lit. a DSGVO). N\u00e4here Informationen hierzu finden Sie in den Datenschutzhinweisen.[\/et_pb_text][\/et_pb_column][\/et_pb_row][\/et_pb_section]<\/p>","_et_gb_content_width":"","inline_featured_image":false,"footnotes":""},"class_list":["post-10082","page","type-page","status-publish","hentry"],"yoast_head":"<!-- This site is optimized with the Yoast SEO plugin v27.2 - https:\/\/yoast.com\/product\/yoast-seo-wordpress\/ -->\n<title>Accessibility statement | Geoplex<\/title>\n<meta name=\"robots\" content=\"index, follow, max-snippet:-1, max-image-preview:large, max-video-preview:-1\" \/>\n<link rel=\"canonical\" href=\"https:\/\/www.geoplex.de\/en\/accessibility-statement\/\" \/>\n<meta property=\"og:locale\" content=\"en_US\" \/>\n<meta property=\"og:type\" content=\"article\" \/>\n<meta property=\"og:title\" content=\"Accessibility statement | Geoplex\" \/>\n<meta property=\"og:description\" content=\"Accessibility statementAs the operator of this website, Geoplex GIS GmbH endeavors to make all websites and mobile applications accessible in accordance with the provisions of the Federal Disability Equality Act (BGG) and the Barrier-Free Information Technology Ordinance (BITV 2.0) for the implementation of Directive (EU) 2016\/2102. However, depending on the severity of the motor and\/or [&hellip;]\" \/>\n<meta property=\"og:url\" content=\"https:\/\/www.geoplex.de\/en\/accessibility-statement\/\" \/>\n<meta property=\"og:site_name\" content=\"Geoplex\" \/>\n<meta property=\"article:publisher\" content=\"https:\/\/www.facebook.com\/GeoplexGIS\/\" \/>\n<meta property=\"article:modified_time\" content=\"2025-10-01T07:05:02+00:00\" \/>\n<meta name=\"twitter:card\" content=\"summary_large_image\" \/>\n<meta name=\"twitter:site\" content=\"@geoplexnews\" \/>\n<meta name=\"twitter:label1\" content=\"Est. reading time\" \/>\n\t<meta name=\"twitter:data1\" content=\"2 minutes\" \/>\n<script type=\"application\/ld+json\" class=\"yoast-schema-graph\">{\"@context\":\"https:\/\/schema.org\",\"@graph\":[{\"@type\":\"WebPage\",\"@id\":\"https:\/\/www.geoplex.de\/en\/accessibility-statement\/\",\"url\":\"https:\/\/www.geoplex.de\/en\/accessibility-statement\/\",\"name\":\"Accessibility statement | Geoplex\",\"isPartOf\":{\"@id\":\"https:\/\/www.geoplex.de\/en\/#website\"},\"datePublished\":\"2025-09-03T11:50:53+00:00\",\"dateModified\":\"2025-10-01T07:05:02+00:00\",\"breadcrumb\":{\"@id\":\"https:\/\/www.geoplex.de\/en\/accessibility-statement\/#breadcrumb\"},\"inLanguage\":\"en-US\",\"potentialAction\":[{\"@type\":\"ReadAction\",\"target\":[\"https:\/\/www.geoplex.de\/en\/accessibility-statement\/\"]}]},{\"@type\":\"BreadcrumbList\",\"@id\":\"https:\/\/www.geoplex.de\/en\/accessibility-statement\/#breadcrumb\",\"itemListElement\":[{\"@type\":\"ListItem\",\"position\":1,\"name\":\"Startseite\",\"item\":\"https:\/\/www.geoplex.de\/en\/\"},{\"@type\":\"ListItem\",\"position\":2,\"name\":\"Accessibility statement\"}]},{\"@type\":\"WebSite\",\"@id\":\"https:\/\/www.geoplex.de\/en\/#website\",\"url\":\"https:\/\/www.geoplex.de\/en\/\",\"name\":\"Geoplex\",\"description\":\"\",\"potentialAction\":[{\"@type\":\"SearchAction\",\"target\":{\"@type\":\"EntryPoint\",\"urlTemplate\":\"https:\/\/www.geoplex.de\/en\/?s={search_term_string}\"},\"query-input\":{\"@type\":\"PropertyValueSpecification\",\"valueRequired\":true,\"valueName\":\"search_term_string\"}}],\"inLanguage\":\"en-US\"}]}<\/script>\n<!-- \/ Yoast SEO plugin. -->","yoast_head_json":{"title":"Accessibility statement | Geoplex","robots":{"index":"index","follow":"follow","max-snippet":"max-snippet:-1","max-image-preview":"max-image-preview:large","max-video-preview":"max-video-preview:-1"},"canonical":"https:\/\/www.geoplex.de\/en\/accessibility-statement\/","og_locale":"en_US","og_type":"article","og_title":"Accessibility statement | Geoplex","og_description":"Accessibility statementAs the operator of this website, Geoplex GIS GmbH endeavors to make all websites and mobile applications accessible in accordance with the provisions of the Federal Disability Equality Act (BGG) and the Barrier-Free Information Technology Ordinance (BITV 2.0) for the implementation of Directive (EU) 2016\/2102. However, depending on the severity of the motor and\/or [&hellip;]","og_url":"https:\/\/www.geoplex.de\/en\/accessibility-statement\/","og_site_name":"Geoplex","article_publisher":"https:\/\/www.facebook.com\/GeoplexGIS\/","article_modified_time":"2025-10-01T07:05:02+00:00","twitter_card":"summary_large_image","twitter_site":"@geoplexnews","twitter_misc":{"Est. reading time":"2 minutes"},"schema":{"@context":"https:\/\/schema.org","@graph":[{"@type":"WebPage","@id":"https:\/\/www.geoplex.de\/en\/accessibility-statement\/","url":"https:\/\/www.geoplex.de\/en\/accessibility-statement\/","name":"Accessibility statement | Geoplex","isPartOf":{"@id":"https:\/\/www.geoplex.de\/en\/#website"},"datePublished":"2025-09-03T11:50:53+00:00","dateModified":"2025-10-01T07:05:02+00:00","breadcrumb":{"@id":"https:\/\/www.geoplex.de\/en\/accessibility-statement\/#breadcrumb"},"inLanguage":"en-US","potentialAction":[{"@type":"ReadAction","target":["https:\/\/www.geoplex.de\/en\/accessibility-statement\/"]}]},{"@type":"BreadcrumbList","@id":"https:\/\/www.geoplex.de\/en\/accessibility-statement\/#breadcrumb","itemListElement":[{"@type":"ListItem","position":1,"name":"Startseite","item":"https:\/\/www.geoplex.de\/en\/"},{"@type":"ListItem","position":2,"name":"Accessibility statement"}]},{"@type":"WebSite","@id":"https:\/\/www.geoplex.de\/en\/#website","url":"https:\/\/www.geoplex.de\/en\/","name":"Geoplex","description":"","potentialAction":[{"@type":"SearchAction","target":{"@type":"EntryPoint","urlTemplate":"https:\/\/www.geoplex.de\/en\/?s={search_term_string}"},"query-input":{"@type":"PropertyValueSpecification","valueRequired":true,"valueName":"search_term_string"}}],"inLanguage":"en-US"}]}},"_links":{"self":[{"href":"https:\/\/www.geoplex.de\/en\/wp-json\/wp\/v2\/pages\/10082","targetHints":{"allow":["GET"]}}],"collection":[{"href":"https:\/\/www.geoplex.de\/en\/wp-json\/wp\/v2\/pages"}],"about":[{"href":"https:\/\/www.geoplex.de\/en\/wp-json\/wp\/v2\/types\/page"}],"author":[{"embeddable":true,"href":"https:\/\/www.geoplex.de\/en\/wp-json\/wp\/v2\/users\/3"}],"replies":[{"embeddable":true,"href":"https:\/\/www.geoplex.de\/en\/wp-json\/wp\/v2\/comments?post=10082"}],"version-history":[{"count":3,"href":"https:\/\/www.geoplex.de\/en\/wp-json\/wp\/v2\/pages\/10082\/revisions"}],"predecessor-version":[{"id":10086,"href":"https:\/\/www.geoplex.de\/en\/wp-json\/wp\/v2\/pages\/10082\/revisions\/10086"}],"wp:attachment":[{"href":"https:\/\/www.geoplex.de\/en\/wp-json\/wp\/v2\/media?parent=10082"}],"curies":[{"name":"wp","href":"https:\/\/api.w.org\/{rel}","templated":true}]}}