{"id":10064,"date":"2018-08-21T11:10:24","date_gmt":"2018-08-21T09:10:24","guid":{"rendered":"https:\/\/www.geoplex.de\/?page_id=10064"},"modified":"2025-10-01T08:45:32","modified_gmt":"2025-10-01T06:45:32","slug":"contact","status":"publish","type":"page","link":"https:\/\/www.geoplex.de\/en\/contact\/","title":{"rendered":"Contact"},"content":{"rendered":"<p>[et_pb_section fb_built=&#8221;1&#8243; _builder_version=&#8221;4.27.4&#8243; _module_preset=&#8221;default&#8221; background_color=&#8221;#005a6e&#8221; border_width_bottom=&#8221;1px&#8221; border_color_bottom=&#8221;#64dcf5&#8243; global_colors_info=&#8221;{}&#8221;][et_pb_row _builder_version=&#8221;4.27.4&#8243; _module_preset=&#8221;default&#8221; global_colors_info=&#8221;{}&#8221;][et_pb_column type=&#8221;4_4&#8243; _builder_version=&#8221;4.27.4&#8243; _module_preset=&#8221;default&#8221; global_colors_info=&#8221;{}&#8221;][et_pb_text admin_label=&#8221;Kontakt&#8221; _builder_version=&#8221;4.27.4&#8243; _module_preset=&#8221;default&#8221; header_text_color=&#8221;#64dcf5&#8243; header_font_size=&#8221;30.1px&#8221; header_font_size_last_edited=&#8221;off|desktop&#8221; global_colors_info=&#8221;{}&#8221;]<\/p>\n<h1>Contact<\/h1>\n<p>[\/et_pb_text][et_pb_text admin_label=&#8221;Text&#8221; module_class=&#8221;big-font&#8221; _builder_version=&#8221;4.27.4&#8243; _module_preset=&#8221;default&#8221; text_text_color=&#8221;#FFFFFF&#8221; header_text_color=&#8221;#64dcf5&#8243; global_colors_info=&#8221;{}&#8221;]<\/p>\n<p>Get in touch with us: Would you like to learn more about PlexMap or receive a specific quote? If you have any questions about PlexMap or our training courses, we are always happy to assist you personally.<\/p>\n<p>[\/et_pb_text][\/et_pb_column][\/et_pb_row][\/et_pb_section][et_pb_section fb_built=&#8221;1&#8243; _builder_version=&#8221;4.27.4&#8243; _module_preset=&#8221;default&#8221; background_color=&#8221;#005a6e&#8221; border_width_bottom=&#8221;1px&#8221; border_color_bottom=&#8221;#64dcf5&#8243; global_colors_info=&#8221;{}&#8221;][et_pb_row column_structure=&#8221;1_2,1_2&#8243; _builder_version=&#8221;4.27.4&#8243; _module_preset=&#8221;default&#8221; global_colors_info=&#8221;{}&#8221;][et_pb_column type=&#8221;1_2&#8243; _builder_version=&#8221;4.27.4&#8243; _module_preset=&#8221;default&#8221; global_colors_info=&#8221;{}&#8221;][et_pb_text admin_label=&#8221;General contact&#8221; _builder_version=&#8221;4.27.4&#8243; _module_preset=&#8221;default&#8221; header_text_color=&#8221;#64dcf5&#8243; header_font_size=&#8221;30.1px&#8221; header_2_text_color=&#8221;#64dcf5&#8243; header_font_size_last_edited=&#8221;off|desktop&#8221; global_colors_info=&#8221;{}&#8221;]<\/p>\n<h2>General contact<\/h2>\n<p>[\/et_pb_text][et_pb_text admin_label=&#8221;Text&#8221; module_class=&#8221;big-font&#8221; _builder_version=&#8221;4.27.4&#8243; _module_preset=&#8221;default&#8221; text_text_color=&#8221;#FFFFFF&#8221; link_text_color=&#8221;#FFFFFF&#8221; header_text_color=&#8221;#64dcf5&#8243; global_colors_info=&#8221;{}&#8221; link_text_color__hover_enabled=&#8221;on|hover&#8221; link_text_color__hover=&#8221;#73C8D2&#8243;]<\/p>\n<p><a href=\"tel:+4954197769590\">+49 (0) 541 977695-90<\/a><br \/><a href=\"mailto:info@geoplex.de\">info@geoplex.de<\/a><\/p>\n<p>[\/et_pb_text][\/et_pb_column][et_pb_column type=&#8221;1_2&#8243; _builder_version=&#8221;4.27.4&#8243; _module_preset=&#8221;default&#8221; global_colors_info=&#8221;{}&#8221;][et_pb_text admin_label=&#8221;Support &#038; Service&#8221; _builder_version=&#8221;4.27.4&#8243; _module_preset=&#8221;default&#8221; header_text_color=&#8221;#64dcf5&#8243; header_font_size=&#8221;30.1px&#8221; header_2_text_color=&#8221;#64dcf5&#8243; header_font_size_last_edited=&#8221;off|desktop&#8221; global_colors_info=&#8221;{}&#8221;]<\/p>\n<h2>Support &amp; Service<\/h2>\n<p>[\/et_pb_text][et_pb_text admin_label=&#8221;Text&#8221; module_class=&#8221;big-font&#8221; _builder_version=&#8221;4.27.4&#8243; _module_preset=&#8221;default&#8221; text_text_color=&#8221;#FFFFFF&#8221; link_text_color=&#8221;#FFFFFF&#8221; header_text_color=&#8221;#64dcf5&#8243; custom_margin=&#8221;||40px||false|false&#8221; global_colors_info=&#8221;{}&#8221; link_text_color__hover_enabled=&#8221;on|hover&#8221; link_text_color__hover=&#8221;#73C8D2&#8243;]<\/p>\n<p>You can reach our support team by phone at\u00a0<a href=\"tel:+49541977695950\">+49 541 977695-950<\/a> and via Mail at <a href=\"mailto:support@geoplex.de\">support@geoplex.de<\/a><\/p>\n<p>PlexMap Campus \u2013 the eLearning portal for our customers<\/p>\n<p>[\/et_pb_text][et_pb_text admin_label=&#8221;Custom Button&#8221; module_class=&#8221;custom-button&#8221; _builder_version=&#8221;4.27.4&#8243; _module_preset=&#8221;default&#8221; text_text_color=&#8221;#FFFFFF&#8221; link_option_url=&#8221;https:\/\/campus.plexmap.de\/&#8221; link_option_url_new_window=&#8221;on&#8221; global_colors_info=&#8221;{}&#8221;]<\/p>\n<p><strong>PlexMap Campus<\/strong><\/p>\n<p>[\/et_pb_text][\/et_pb_column][\/et_pb_row][\/et_pb_section][et_pb_section fb_built=&#8221;1&#8243; _builder_version=&#8221;4.27.4&#8243; _module_preset=&#8221;default&#8221; background_color=&#8221;#005a6e&#8221; global_colors_info=&#8221;{}&#8221;][et_pb_row column_structure=&#8221;1_2,1_2&#8243; _builder_version=&#8221;4.27.4&#8243; _module_preset=&#8221;default&#8221; global_colors_info=&#8221;{}&#8221;][et_pb_column type=&#8221;1_2&#8243; _builder_version=&#8221;4.27.4&#8243; _module_preset=&#8221;default&#8221; global_colors_info=&#8221;{}&#8221;][et_pb_text admin_label=&#8221;Adresse&#8221; _builder_version=&#8221;4.27.4&#8243; _module_preset=&#8221;default&#8221; header_text_color=&#8221;#64dcf5&#8243; header_font_size=&#8221;30.1px&#8221; header_2_text_color=&#8221;#64dcf5&#8243; header_font_size_last_edited=&#8221;off|desktop&#8221; global_colors_info=&#8221;{}&#8221;]<\/p>\n<h2>Address<\/h2>\n<p>[\/et_pb_text][et_pb_text admin_label=&#8221;Text&#8221; module_class=&#8221;big-font&#8221; _builder_version=&#8221;4.27.4&#8243; _module_preset=&#8221;default&#8221; text_text_color=&#8221;#FFFFFF&#8221; link_text_color=&#8221;#FFFFFF&#8221; header_text_color=&#8221;#64dcf5&#8243; hover_enabled=&#8221;0&#8243; global_colors_info=&#8221;{}&#8221; link_text_color__hover_enabled=&#8221;on|hover&#8221; link_text_color__hover=&#8221;#73C8D2&#8243; sticky_enabled=&#8221;0&#8243;]<\/p>\n<p>Geoplex GIS GmbH<br \/>Bohmter Stra\u00dfe 12<br \/>49074 Osnabr\u00fcck<br \/>Germany<\/p>\n<p>[\/et_pb_text][\/et_pb_column][et_pb_column type=&#8221;1_2&#8243; _builder_version=&#8221;4.27.4&#8243; _module_preset=&#8221;default&#8221; global_colors_info=&#8221;{}&#8221;][et_pb_text admin_label=&#8221;Support &#038; Service&#8221; _builder_version=&#8221;4.27.4&#8243; _module_preset=&#8221;default&#8221; header_text_color=&#8221;#64dcf5&#8243; header_font_size=&#8221;30.1px&#8221; header_2_text_color=&#8221;#64dcf5&#8243; header_font_size_last_edited=&#8221;off|desktop&#8221; global_colors_info=&#8221;{}&#8221;]<\/p>\n<h2>Support &amp; Service<\/h2>\n<p>[\/et_pb_text][et_pb_text admin_label=&#8221;Text&#8221; module_class=&#8221;big-font&#8221; _builder_version=&#8221;4.27.4&#8243; _module_preset=&#8221;default&#8221; text_text_color=&#8221;#FFFFFF&#8221; link_text_color=&#8221;#FFFFFF&#8221; header_text_color=&#8221;#64dcf5&#8243; custom_margin=&#8221;||40px||false|false&#8221; hover_enabled=&#8221;0&#8243; global_colors_info=&#8221;{}&#8221; link_text_color__hover_enabled=&#8221;on|hover&#8221; link_text_color__hover=&#8221;#73C8D2&#8243; sticky_enabled=&#8221;0&#8243;]<\/p>\n<p><strong>Car<\/strong><br \/>Park right outside the door:<br \/>\u2192 <a href=\"https:\/\/www.google.com\/maps\/dir\/?api=1&amp;destination=Geoplex+GIS+GmbH,+Bohmter+Str.+12,+49074+Osnabr\u00fcck&amp;travelmode=driving\" target=\"_blank\" rel=\"noopener\">Route<\/a><\/p>\n<p><strong>Plane<\/strong><br \/>Nearest airport:<br \/>\u2192 M\u00fcnster\/Osnabr\u00fcck (FMO)<\/p>\n<p><strong>Train<\/strong><br \/>Our office is located only about 800 meters from Osnabr\u00fcck Central Station.<br \/>\u2192 <a href=\"https:\/\/www.bahn.de\/\" target=\"_blank\" rel=\"noopener\">www.bahn.de<\/a><\/p>\n<p>[\/et_pb_text][\/et_pb_column][\/et_pb_row][et_pb_row _builder_version=&#8221;4.27.4&#8243; _module_preset=&#8221;default&#8221; global_colors_info=&#8221;{}&#8221;][et_pb_column type=&#8221;4_4&#8243; _builder_version=&#8221;4.27.4&#8243; _module_preset=&#8221;default&#8221; global_colors_info=&#8221;{}&#8221;][et_pb_code _builder_version=&#8221;4.27.4&#8243; _module_preset=&#8221;default&#8221; global_colors_info=&#8221;{}&#8221;] <\/p>\n<div class=\"brlbs-cmpnt-container brlbs-cmpnt-content-blocker brlbs-cmpnt-with-individual-styles\" data-borlabs-cookie-content-blocker-id=\"default\" data-borlabs-cookie-content=\"PGlmcmFtZSBzdHlsZT0iYm9yZGVyOiAwOyB3aWR0aDogMTAwJTsgaGVpZ2h0OiA1NTBweDsiIHNyYz0iaHR0cHM6Ly93d3cuZ29vZ2xlLmNvbS9tYXBzL2VtYmVkP3BiPSExbTE4ITFtMTIhMW0zITFkNDg4Mi40NDc2ODQyNTc2OTIhMmQ4LjA0OTEyNzM4NjY2ODk3MSEzZDUyLjI3NTYzODA3MzY2NzcxITJtMyExZjAhMmYwITNmMCEzbTIhMWkxMDI0ITJpNzY4ITRmMTMuMSEzbTMhMW0yITFzMHg0N2I5ZTU5NmU1Y2JiYTVmJTNBMHhhZjIyYThiNmQxMWRmYTk5ITJzR2VvcGxleCUyMEdJUyUyMEdtYkghNWUwITNtMiExc2RlITJzZGUhNHYxNzQ3MDYzNjI4NjgxITVtMiExc2RlITJzZGUiIHdpZHRoPSI2MDAiIGhlaWdodD0iNDUwIiBhbGxvd2Z1bGxzY3JlZW49ImFsbG93ZnVsbHNjcmVlbiIgZGF0YS1tY2UtZnJhZ21lbnQ9IjEiPjwvaWZyYW1lPg==\">\n<div class=\"brlbs-cmpnt-cb-preset-a\">\n<p class=\"brlbs-cmpnt-cb-description\">You are currently viewing a placeholder content from <strong>Default<\/strong>. To access the actual content, click the button below. Please note that doing so will share data with third-party providers.<\/p>\n<div class=\"brlbs-cmpnt-cb-buttons\"> <a class=\"brlbs-cmpnt-cb-btn\" href=\"#\" data-borlabs-cookie-unblock role=\"button\">Unblock content<\/a> <a class=\"brlbs-cmpnt-cb-btn\" href=\"#\" data-borlabs-cookie-accept-service role=\"button\" style=\"display: none\">Accept required service and unblock content<\/a> <\/div>\n<p> <a class=\"brlbs-cmpnt-cb-provider-toggle\" href=\"#\" data-borlabs-cookie-show-provider-information role=\"button\">More Information<\/a> <\/div>\n<\/div>\n<p>[\/et_pb_code][\/et_pb_column][\/et_pb_row][\/et_pb_section]<\/p>\n","protected":false},"excerpt":{"rendered":"<p>ContactGet in touch with us: Would you like to learn more about PlexMap or receive a specific quote? If you have any questions about PlexMap or our training courses, we are always happy to assist you personally.General contact+49 (0) 541 977695-90info@geoplex.deSupport &amp; ServiceYou can reach our support team by phone at\u00a0+49 541 977695-950 and via [&hellip;]<\/p>\n","protected":false},"author":3,"featured_media":0,"parent":0,"menu_order":0,"comment_status":"closed","ping_status":"closed","template":"","meta":{"_et_pb_use_builder":"on","_et_pb_old_content":"<p>[et_pb_section fb_built=\"1\" _builder_version=\"4.27.4\" _module_preset=\"default\" background_color=\"#005a6e\" border_width_bottom=\"1px\" border_color_bottom=\"#64dcf5\" global_colors_info=\"{}\"][et_pb_row _builder_version=\"4.27.4\" _module_preset=\"default\" global_colors_info=\"{}\"][et_pb_column type=\"4_4\" _builder_version=\"4.27.4\" _module_preset=\"default\" global_colors_info=\"{}\"][et_pb_text admin_label=\"Kontakt\" _builder_version=\"4.27.4\" _module_preset=\"default\" header_text_color=\"#64dcf5\" header_font_size=\"30.1px\" header_font_size_last_edited=\"off|desktop\" global_colors_info=\"{}\"]<\/p><h1>Kontakt<\/h1><p>[\/et_pb_text][et_pb_text admin_label=\"Text\" module_class=\"big-font\" _builder_version=\"4.27.4\" _module_preset=\"default\" text_text_color=\"#FFFFFF\" header_text_color=\"#64dcf5\" global_colors_info=\"{}\"]<\/p><p>Treten Sie mit uns in Kontakt: Sie m\u00f6chten mehr \u00fcber PlexMap erfahren oder ben\u00f6tigen ein konkretes Angebot? Bei Fragen rund um PlexMap oder zu unseren Schulungsangeboten stehen wir Ihnen jederzeit gerne pers\u00f6nlich zur Verf\u00fcgung.<\/p><p>[\/et_pb_text][\/et_pb_column][\/et_pb_row][\/et_pb_section][et_pb_section fb_built=\"1\" _builder_version=\"4.27.4\" _module_preset=\"default\" background_color=\"#005a6e\" border_width_bottom=\"1px\" border_color_bottom=\"#64dcf5\" global_colors_info=\"{}\"][et_pb_row column_structure=\"1_2,1_2\" _builder_version=\"4.27.4\" _module_preset=\"default\" global_colors_info=\"{}\"][et_pb_column type=\"1_2\" _builder_version=\"4.27.4\" _module_preset=\"default\" global_colors_info=\"{}\"][et_pb_text admin_label=\"Allgemeiner Kontakt\" _builder_version=\"4.27.4\" _module_preset=\"default\" header_text_color=\"#64dcf5\" header_font_size=\"30.1px\" header_2_text_color=\"#64dcf5\" header_font_size_last_edited=\"off|desktop\" global_colors_info=\"{}\"]<\/p><h2>Allgemeiner Kontakt<\/h2><p>[\/et_pb_text][et_pb_text admin_label=\"Text\" module_class=\"big-font\" _builder_version=\"4.27.4\" _module_preset=\"default\" text_text_color=\"#FFFFFF\" link_text_color=\"#FFFFFF\" header_text_color=\"#64dcf5\" global_colors_info=\"{}\" link_text_color__hover_enabled=\"on|hover\" link_text_color__hover=\"#73C8D2\"]<\/p><p><a href=\"tel:+4954197769590\">+49 (0) 541 977695-90<\/a><br \/><a href=\"mailto:info@geoplex.de\">info@geoplex.de<\/a><\/p><p>[\/et_pb_text][\/et_pb_column][et_pb_column type=\"1_2\" _builder_version=\"4.27.4\" _module_preset=\"default\" global_colors_info=\"{}\"][et_pb_text admin_label=\"Support & Service\" _builder_version=\"4.27.4\" _module_preset=\"default\" header_text_color=\"#64dcf5\" header_font_size=\"30.1px\" header_2_text_color=\"#64dcf5\" header_font_size_last_edited=\"off|desktop\" global_colors_info=\"{}\"]<\/p><h2>Support & Service<\/h2><p>[\/et_pb_text][et_pb_text admin_label=\"Text\" module_class=\"big-font\" _builder_version=\"4.27.4\" _module_preset=\"default\" text_text_color=\"#FFFFFF\" link_text_color=\"#FFFFFF\" header_text_color=\"#64dcf5\" custom_margin=\"||40px||false|false\" hover_enabled=\"0\" global_colors_info=\"{}\" link_text_color__hover_enabled=\"on|hover\" link_text_color__hover=\"#73C8D2\" sticky_enabled=\"0\"]<\/p><p>Unseren Support erreichen Sie telefonisch unter <a href=\"tel:+49541977695950\">+49 541 977695-950<\/a> und per Mail an <a href=\"mailto:support@geoplex.de\">support@geoplex.de<\/a><\/p><p>PlexMap Campus \u2013 das eLearning-Portal f\u00fcr unsere Kunden<\/p><p>[\/et_pb_text][et_pb_text admin_label=\"Custom Button\" module_class=\"custom-button\" _builder_version=\"4.27.4\" _module_preset=\"default\" text_text_color=\"#FFFFFF\" link_option_url=\"https:\/\/campus.plexmap.de\/\" link_option_url_new_window=\"on\" global_colors_info=\"{}\"]<\/p><p>Zum <strong>PlexMap Campus<\/strong><\/p><p>[\/et_pb_text][\/et_pb_column][\/et_pb_row][\/et_pb_section][et_pb_section fb_built=\"1\" _builder_version=\"4.27.4\" _module_preset=\"default\" background_color=\"#005a6e\" global_colors_info=\"{}\"][et_pb_row column_structure=\"1_2,1_2\" _builder_version=\"4.27.4\" _module_preset=\"default\" global_colors_info=\"{}\"][et_pb_column type=\"1_2\" _builder_version=\"4.27.4\" _module_preset=\"default\" global_colors_info=\"{}\"][et_pb_text admin_label=\"Adresse\" _builder_version=\"4.27.4\" _module_preset=\"default\" header_text_color=\"#64dcf5\" header_font_size=\"30.1px\" header_2_text_color=\"#64dcf5\" header_font_size_last_edited=\"off|desktop\" global_colors_info=\"{}\"]<\/p><h2>Adresse<\/h2><p>[\/et_pb_text][et_pb_text admin_label=\"Text\" module_class=\"big-font\" _builder_version=\"4.27.4\" _module_preset=\"default\" text_text_color=\"#FFFFFF\" link_text_color=\"#FFFFFF\" header_text_color=\"#64dcf5\" global_colors_info=\"{}\" link_text_color__hover_enabled=\"on|hover\" link_text_color__hover=\"#73C8D2\"]<\/p><p>Geoplex GIS GmbH<br \/>Bohmter Stra\u00dfe 12<br \/>49074 Osnabr\u00fcck<br \/>Deutschland<\/p><p>[\/et_pb_text][\/et_pb_column][et_pb_column type=\"1_2\" _builder_version=\"4.27.4\" _module_preset=\"default\" global_colors_info=\"{}\"][et_pb_text admin_label=\"Support & Service\" _builder_version=\"4.27.4\" _module_preset=\"default\" header_text_color=\"#64dcf5\" header_font_size=\"30.1px\" header_2_text_color=\"#64dcf5\" header_font_size_last_edited=\"off|desktop\" global_colors_info=\"{}\"]<\/p><h2>Support & Service<\/h2><p>[\/et_pb_text][et_pb_text admin_label=\"Text\" module_class=\"big-font\" _builder_version=\"4.27.4\" _module_preset=\"default\" text_text_color=\"#FFFFFF\" link_text_color=\"#FFFFFF\" header_text_color=\"#64dcf5\" custom_margin=\"||40px||false|false\" hover_enabled=\"0\" global_colors_info=\"{}\" link_text_color__hover_enabled=\"on|hover\" link_text_color__hover=\"#73C8D2\" sticky_enabled=\"0\"]<\/p><p>PKW<br \/>Parken Sie direkt vor der T\u00fcr:<br \/>\u2192 <a href=\"https:\/\/www.google.com\/maps\/dir\/?api=1&destination=Geoplex+GIS+GmbH,+Bohmter+Str.+12,+49074+Osnabr\u00fcck&travelmode=driving\" target=\"_blank\" rel=\"noopener\">Route<\/a><\/p><p>Flugzeug<br \/>N\u00e4chster Flughafen:<br \/>\u2192 M\u00fcnster\/Osnabr\u00fcck (FMO)<\/p><p>Bahn<br \/>Unser B\u00fcro befindet sich nur ca. 800 m vom Hauptbahnhof Osnabr\u00fcck entfernt.<br \/>\u2192 <a href=\"https:\/\/www.bahn.de\/\" target=\"_blank\" rel=\"noopener\">www.bahn.de<\/a><\/p><p>[\/et_pb_text][\/et_pb_column][\/et_pb_row][et_pb_row _builder_version=\"4.27.4\" _module_preset=\"default\" global_colors_info=\"{}\"][et_pb_column type=\"4_4\" _builder_version=\"4.27.4\" _module_preset=\"default\" global_colors_info=\"{}\"][et_pb_code _builder_version=\"4.27.4\" _module_preset=\"default\" global_colors_info=\"{}\"]<iframe style=\"border: 0; width: 100%; height: 550px;\" src=\"https:\/\/www.google.com\/maps\/embed?pb=!1m18!1m12!1m3!1d4882.447684257692!2d8.049127386668971!3d52.27563807366771!2m3!1f0!2f0!3f0!3m2!1i1024!2i768!4f13.1!3m3!1m2!1s0x47b9e596e5cbba5f%3A0xaf22a8b6d11dfa99!2sGeoplex%20GIS%20GmbH!5e0!3m2!1sde!2sde!4v1747063628681!5m2!1sde!2sde\" width=\"600\" height=\"450\" allowfullscreen=\"allowfullscreen\" data-mce-fragment=\"1\"><\/iframe>[\/et_pb_code][\/et_pb_column][\/et_pb_row][\/et_pb_section]<\/p>","_et_gb_content_width":"","inline_featured_image":false,"footnotes":""},"class_list":["post-10064","page","type-page","status-publish","hentry"],"yoast_head":"<!-- This site is optimized with the Yoast SEO plugin v27.2 - https:\/\/yoast.com\/product\/yoast-seo-wordpress\/ -->\n<title>Contact | Geoplex<\/title>\n<meta name=\"robots\" content=\"index, follow, max-snippet:-1, max-image-preview:large, max-video-preview:-1\" \/>\n<link rel=\"canonical\" href=\"https:\/\/www.geoplex.de\/en\/contact\/\" \/>\n<meta property=\"og:locale\" content=\"en_US\" \/>\n<meta property=\"og:type\" content=\"article\" \/>\n<meta property=\"og:title\" content=\"Contact | Geoplex\" \/>\n<meta property=\"og:description\" content=\"ContactGet in touch with us: Would you like to learn more about PlexMap or receive a specific quote? If you have any questions about PlexMap or our training courses, we are always happy to assist you personally.General contact+49 (0) 541 977695-90info@geoplex.deSupport &amp; ServiceYou can reach our support team by phone at\u00a0+49 541 977695-950 and via [&hellip;]\" \/>\n<meta property=\"og:url\" content=\"https:\/\/www.geoplex.de\/en\/contact\/\" \/>\n<meta property=\"og:site_name\" content=\"Geoplex\" \/>\n<meta property=\"article:publisher\" content=\"https:\/\/www.facebook.com\/GeoplexGIS\/\" \/>\n<meta property=\"article:modified_time\" content=\"2025-10-01T06:45:32+00:00\" \/>\n<meta name=\"twitter:card\" content=\"summary_large_image\" \/>\n<meta name=\"twitter:site\" content=\"@geoplexnews\" \/>\n<meta name=\"twitter:label1\" content=\"Est. reading time\" \/>\n\t<meta name=\"twitter:data1\" content=\"1 minute\" \/>\n<script type=\"application\/ld+json\" class=\"yoast-schema-graph\">{\"@context\":\"https:\/\/schema.org\",\"@graph\":[{\"@type\":\"WebPage\",\"@id\":\"https:\/\/www.geoplex.de\/en\/contact\/\",\"url\":\"https:\/\/www.geoplex.de\/en\/contact\/\",\"name\":\"Contact | Geoplex\",\"isPartOf\":{\"@id\":\"https:\/\/www.geoplex.de\/en\/#website\"},\"datePublished\":\"2018-08-21T09:10:24+00:00\",\"dateModified\":\"2025-10-01T06:45:32+00:00\",\"breadcrumb\":{\"@id\":\"https:\/\/www.geoplex.de\/en\/contact\/#breadcrumb\"},\"inLanguage\":\"en-US\",\"potentialAction\":[{\"@type\":\"ReadAction\",\"target\":[\"https:\/\/www.geoplex.de\/en\/contact\/\"]}]},{\"@type\":\"BreadcrumbList\",\"@id\":\"https:\/\/www.geoplex.de\/en\/contact\/#breadcrumb\",\"itemListElement\":[{\"@type\":\"ListItem\",\"position\":1,\"name\":\"Startseite\",\"item\":\"https:\/\/www.geoplex.de\/en\/\"},{\"@type\":\"ListItem\",\"position\":2,\"name\":\"Contact\"}]},{\"@type\":\"WebSite\",\"@id\":\"https:\/\/www.geoplex.de\/en\/#website\",\"url\":\"https:\/\/www.geoplex.de\/en\/\",\"name\":\"Geoplex\",\"description\":\"\",\"potentialAction\":[{\"@type\":\"SearchAction\",\"target\":{\"@type\":\"EntryPoint\",\"urlTemplate\":\"https:\/\/www.geoplex.de\/en\/?s={search_term_string}\"},\"query-input\":{\"@type\":\"PropertyValueSpecification\",\"valueRequired\":true,\"valueName\":\"search_term_string\"}}],\"inLanguage\":\"en-US\"}]}<\/script>\n<!-- \/ Yoast SEO plugin. -->","yoast_head_json":{"title":"Contact | Geoplex","robots":{"index":"index","follow":"follow","max-snippet":"max-snippet:-1","max-image-preview":"max-image-preview:large","max-video-preview":"max-video-preview:-1"},"canonical":"https:\/\/www.geoplex.de\/en\/contact\/","og_locale":"en_US","og_type":"article","og_title":"Contact | Geoplex","og_description":"ContactGet in touch with us: Would you like to learn more about PlexMap or receive a specific quote? If you have any questions about PlexMap or our training courses, we are always happy to assist you personally.General contact+49 (0) 541 977695-90info@geoplex.deSupport &amp; ServiceYou can reach our support team by phone at\u00a0+49 541 977695-950 and via [&hellip;]","og_url":"https:\/\/www.geoplex.de\/en\/contact\/","og_site_name":"Geoplex","article_publisher":"https:\/\/www.facebook.com\/GeoplexGIS\/","article_modified_time":"2025-10-01T06:45:32+00:00","twitter_card":"summary_large_image","twitter_site":"@geoplexnews","twitter_misc":{"Est. reading time":"1 minute"},"schema":{"@context":"https:\/\/schema.org","@graph":[{"@type":"WebPage","@id":"https:\/\/www.geoplex.de\/en\/contact\/","url":"https:\/\/www.geoplex.de\/en\/contact\/","name":"Contact | Geoplex","isPartOf":{"@id":"https:\/\/www.geoplex.de\/en\/#website"},"datePublished":"2018-08-21T09:10:24+00:00","dateModified":"2025-10-01T06:45:32+00:00","breadcrumb":{"@id":"https:\/\/www.geoplex.de\/en\/contact\/#breadcrumb"},"inLanguage":"en-US","potentialAction":[{"@type":"ReadAction","target":["https:\/\/www.geoplex.de\/en\/contact\/"]}]},{"@type":"BreadcrumbList","@id":"https:\/\/www.geoplex.de\/en\/contact\/#breadcrumb","itemListElement":[{"@type":"ListItem","position":1,"name":"Startseite","item":"https:\/\/www.geoplex.de\/en\/"},{"@type":"ListItem","position":2,"name":"Contact"}]},{"@type":"WebSite","@id":"https:\/\/www.geoplex.de\/en\/#website","url":"https:\/\/www.geoplex.de\/en\/","name":"Geoplex","description":"","potentialAction":[{"@type":"SearchAction","target":{"@type":"EntryPoint","urlTemplate":"https:\/\/www.geoplex.de\/en\/?s={search_term_string}"},"query-input":{"@type":"PropertyValueSpecification","valueRequired":true,"valueName":"search_term_string"}}],"inLanguage":"en-US"}]}},"_links":{"self":[{"href":"https:\/\/www.geoplex.de\/en\/wp-json\/wp\/v2\/pages\/10064","targetHints":{"allow":["GET"]}}],"collection":[{"href":"https:\/\/www.geoplex.de\/en\/wp-json\/wp\/v2\/pages"}],"about":[{"href":"https:\/\/www.geoplex.de\/en\/wp-json\/wp\/v2\/types\/page"}],"author":[{"embeddable":true,"href":"https:\/\/www.geoplex.de\/en\/wp-json\/wp\/v2\/users\/3"}],"replies":[{"embeddable":true,"href":"https:\/\/www.geoplex.de\/en\/wp-json\/wp\/v2\/comments?post=10064"}],"version-history":[{"count":6,"href":"https:\/\/www.geoplex.de\/en\/wp-json\/wp\/v2\/pages\/10064\/revisions"}],"predecessor-version":[{"id":10073,"href":"https:\/\/www.geoplex.de\/en\/wp-json\/wp\/v2\/pages\/10064\/revisions\/10073"}],"wp:attachment":[{"href":"https:\/\/www.geoplex.de\/en\/wp-json\/wp\/v2\/media?parent=10064"}],"curies":[{"name":"wp","href":"https:\/\/api.w.org\/{rel}","templated":true}]}}