{"id":10041,"date":"2019-10-23T12:13:13","date_gmt":"2019-10-23T10:13:13","guid":{"rendered":"https:\/\/www.geoplex.de\/?page_id=10041"},"modified":"2025-10-01T08:34:51","modified_gmt":"2025-10-01T06:34:51","slug":"plexmap-portal","status":"publish","type":"page","link":"https:\/\/www.geoplex.de\/en\/plexmap\/plexmap-portal\/","title":{"rendered":"PlexMap Portal"},"content":{"rendered":"<p>[et_pb_section fb_built=&#8221;1&#8243; _builder_version=&#8221;4.27.4&#8243; _module_preset=&#8221;default&#8221; background_color=&#8221;#e1f0f0&#8243; border_width_bottom=&#8221;1px&#8221; border_color_bottom=&#8221;#73C8D2&#8243; saved_tabs=&#8221;all&#8221; global_colors_info=&#8221;{}&#8221;][et_pb_row _builder_version=&#8221;4.27.4&#8243; _module_preset=&#8221;default&#8221; global_colors_info=&#8221;{}&#8221;][et_pb_column type=&#8221;4_4&#8243; _builder_version=&#8221;4.27.4&#8243; _module_preset=&#8221;default&#8221; global_colors_info=&#8221;{}&#8221;][et_pb_image src=&#8221;https:\/\/www.geoplex.de\/wp-content\/uploads\/\/2025\/05\/PlexMap-Logo.svg&#8221; title_text=&#8221;PlexMap-Logo&#8221; url=&#8221;@ET-DC@eyJkeW5hbWljIjp0cnVlLCJjb250ZW50IjoicG9zdF9saW5rX3VybF9wYWdlIiwic2V0dGluZ3MiOnsicG9zdF9pZCI6Ijk3In19@&#8221; _builder_version=&#8221;4.27.4&#8243; _dynamic_attributes=&#8221;url&#8221; _module_preset=&#8221;default&#8221; width=&#8221;100%&#8221; max_width=&#8221;800px&#8221; module_alignment=&#8221;left&#8221; global_colors_info=&#8221;{}&#8221;][\/et_pb_image][\/et_pb_column][\/et_pb_row][\/et_pb_section][et_pb_section fb_built=&#8221;1&#8243; _builder_version=&#8221;4.27.4&#8243; _module_preset=&#8221;default&#8221; background_color=&#8221;#e1f0f0&#8243; border_width_bottom=&#8221;1px&#8221; border_color_bottom=&#8221;#73c8d2&#8243; global_colors_info=&#8221;{}&#8221;][et_pb_row column_structure=&#8221;1_2,1_2&#8243; custom_padding_last_edited=&#8221;on|tablet&#8221; _builder_version=&#8221;4.27.4&#8243; _module_preset=&#8221;default&#8221; custom_padding_tablet=&#8221;35px||25px||false|false&#8221; custom_padding_phone=&#8221;35px||25px||false|false&#8221; global_colors_info=&#8221;{}&#8221;][et_pb_column type=&#8221;1_2&#8243; _builder_version=&#8221;4.27.4&#8243; _module_preset=&#8221;default&#8221; global_colors_info=&#8221;{}&#8221;][et_pb_text admin_label=&#8221;PlexMap Portal&#8221; module_class=&#8221;big-headline&#8221; _builder_version=&#8221;4.27.4&#8243; _module_preset=&#8221;default&#8221; header_text_color=&#8221;#00a0be&#8221; header_font_size=&#8221;30.1px&#8221; custom_margin=&#8221;||||false|false&#8221; header_font_size_last_edited=&#8221;off|desktop&#8221; global_colors_info=&#8221;{}&#8221;]<\/p>\n<h1>PlexMap Portal<\/h1>\n<p>[\/et_pb_text][et_pb_text admin_label=&#8221;Easily create and manage modern geoportals.&#8221; module_class=&#8221;big-font&#8221; _builder_version=&#8221;4.27.4&#8243; _module_preset=&#8221;default&#8221; header_2_text_color=&#8221;#00a0be&#8221; hover_enabled=&#8221;0&#8243; global_colors_info=&#8221;{}&#8221; sticky_enabled=&#8221;0&#8243;]<\/p>\n<h2>Easily create and manage modern geoportals.<\/h2>\n<p>[\/et_pb_text][et_pb_text admin_label=&#8221;Text&#8221; _builder_version=&#8221;4.27.4&#8243; _module_preset=&#8221;default&#8221; header_text_color=&#8221;#64DCF5&#8243; header_2_text_color=&#8221;#64DCF5&#8243; hover_enabled=&#8221;0&#8243; global_colors_info=&#8221;{}&#8221; sticky_enabled=&#8221;0&#8243;]<\/p>\n<p>Would you like to set up a geoportal with PlexMap? Then PlexMap Portal can help you present your map content clearly on a central platform.<\/p>\n<p>The map applications created with PlexMap are clearly presented on the geoportal&#8217;s home page, making them easily accessible to all users. It is also possible to integrate map applications from external providers.<\/p>\n<p>The geoportal also offers a metadata search function. Here, users can search and view all publicly accessible layers. INSPIRE-compliant geoservices (WMS\/WFS) can also be provided.<\/p>\n<p>[\/et_pb_text][\/et_pb_column][et_pb_column type=&#8221;1_2&#8243; _builder_version=&#8221;4.27.4&#8243; _module_preset=&#8221;default&#8221; global_colors_info=&#8221;{}&#8221;][et_pb_image src=&#8221;https:\/\/www.geoplex.de\/wp-content\/uploads\/2025\/05\/Geoplex_Icon_Apps-2025-03.png&#8221; title_text=&#8221;Geoplex_Icon_Apps-2025-03&#8243; align=&#8221;center&#8221; _builder_version=&#8221;4.27.4&#8243; _module_preset=&#8221;default&#8221; max_width=&#8221;350px&#8221; max_width_tablet=&#8221;190px&#8221; max_width_phone=&#8221;190px&#8221; max_width_last_edited=&#8221;on|phone&#8221; module_alignment=&#8221;center&#8221; global_colors_info=&#8221;{}&#8221;][\/et_pb_image][\/et_pb_column][\/et_pb_row][\/et_pb_section][et_pb_section fb_built=&#8221;1&#8243; _builder_version=&#8221;4.27.4&#8243; _module_preset=&#8221;default&#8221; background_color=&#8221;#e1f0f0&#8243; border_width_bottom=&#8221;1px&#8221; border_color_bottom=&#8221;#73c8d2&#8243; global_colors_info=&#8221;{}&#8221;][et_pb_row _builder_version=&#8221;4.27.4&#8243; _module_preset=&#8221;default&#8221; global_colors_info=&#8221;{}&#8221;][et_pb_column type=&#8221;4_4&#8243; _builder_version=&#8221;4.27.4&#8243; _module_preset=&#8221;default&#8221; global_colors_info=&#8221;{}&#8221;][et_pb_text admin_label=&#8221;Vorteile&#8221; _builder_version=&#8221;4.27.4&#8243; _module_preset=&#8221;default&#8221; text_text_color=&#8221;#73C8D2&#8243; header_2_text_color=&#8221;#00a0be&#8221; hover_enabled=&#8221;0&#8243; global_colors_info=&#8221;{}&#8221; sticky_enabled=&#8221;0&#8243;]<\/p>\n<h2>Advantages<\/h2>\n<p>[\/et_pb_text][et_pb_text _builder_version=&#8221;4.27.4&#8243; _module_preset=&#8221;default&#8221; hover_enabled=&#8221;0&#8243; global_colors_info=&#8221;{}&#8221; sticky_enabled=&#8221;0&#8243;]<\/p>\n<p>With PlexMap Portal, you can create attractive geoportals quickly and easily. You can also design and operate multiple portals in parallel via the backend. Learn all about the advantages of PlexMap Portal!<\/p>\n<p>[\/et_pb_text][et_pb_code admin_label=&#8221;Aufklapper&#8221; module_class=&#8221;show-vorteile&#8221; _builder_version=&#8221;4.27.4&#8243; _module_preset=&#8221;default&#8221; global_colors_info=&#8221;{}&#8221;]<a>+<\/a>[\/et_pb_code][et_pb_text admin_label=&#8221;Aufz\u00e4hlung&#8221; module_class=&#8221;vorteile&#8221; _builder_version=&#8221;4.27.4&#8243; _module_preset=&#8221;default&#8221; hover_enabled=&#8221;0&#8243; global_colors_info=&#8221;{}&#8221; sticky_enabled=&#8221;0&#8243;]<\/p>\n<ul>\n<li><strong>Clear content management:<\/strong> easily manage your own geoportal in the PlexMap backend.<\/li>\n<li><strong>Corporate identity:<\/strong> the exact design of the portal (images, texts, colors, and maps used) can be customized without any programming knowledge.<\/li>\n<li><strong>View Cards:<\/strong> Public maps created with PlexMap are visualized in a simple and understandable way using a modern tile design.<\/li>\n<li><strong>Open:<\/strong> Maps from third-party providers can also be easily published via the PlexMap portal.<\/li>\n<li><strong>Mobile devices:<\/strong> PlexMap Portal has a responsive design and is therefore fully compatible with smartphones and tablet PCs.<\/li>\n<li><strong>Custom call link:<\/strong> Freely selectable URL (e.g., www.geoportal-musterstadt.de).<\/li>\n<li><strong>Provision of geoservices:<\/strong> via the PlexMap portal, you can publish geoservices (WMS\/WFS, OGC API) for all layers displayed in the portal.<\/li>\n<li><strong>Custom maps:<\/strong> In the \u201cSearch\u201d section, users can search through all publicly available layers and create a custom map.<\/li>\n<\/ul>\n<p>[\/et_pb_text][\/et_pb_column][\/et_pb_row][\/et_pb_section][et_pb_section fb_built=&#8221;1&#8243; _builder_version=&#8221;4.27.4&#8243; _module_preset=&#8221;default&#8221; background_color=&#8221;#e1f0f0&#8243; border_color_bottom=&#8221;#73c8d2&#8243; global_colors_info=&#8221;{}&#8221;][et_pb_row _builder_version=&#8221;4.27.4&#8243; _module_preset=&#8221;default&#8221; global_colors_info=&#8221;{}&#8221;][et_pb_column type=&#8221;4_4&#8243; _builder_version=&#8221;4.27.4&#8243; _module_preset=&#8221;default&#8221; global_colors_info=&#8221;{}&#8221;][et_pb_image src=&#8221;https:\/\/www.geoplex.de\/wp-content\/uploads\/2025\/08\/PlexMap-Portal-scaled.png&#8221; title_text=&#8221;PlexMap Portal&#8221; url=&#8221;http:\/\/demo.geoplex.de&#8221; url_new_window=&#8221;on&#8221; align=&#8221;center&#8221; admin_label=&#8221;Bild PlexMap Portal&#8221; _builder_version=&#8221;4.27.4&#8243; _module_preset=&#8221;default&#8221; global_colors_info=&#8221;{}&#8221;][\/et_pb_image][et_pb_text admin_label=&#8221;Exemplarische Darstellung unseres Demo-Portals (generiert mit PlexMap Portal).&#8221; _builder_version=&#8221;4.27.4&#8243; _module_preset=&#8221;default&#8221; link_option_url_new_window=&#8221;on&#8221; hover_enabled=&#8221;0&#8243; global_colors_info=&#8221;{}&#8221; sticky_enabled=&#8221;0&#8243;]<\/p>\n<p style=\"text-align: center;\">Exemplary representation of our demo portal (generated with PlexMap Portal).<\/p>\n<p>[\/et_pb_text][\/et_pb_column][\/et_pb_row][\/et_pb_section]<\/p>\n","protected":false},"excerpt":{"rendered":"<p>PlexMap Portal Easily create and manage modern geoportals.Would you like to set up a geoportal with PlexMap? Then PlexMap Portal can help you present your map content clearly on a central platform. The map applications created with PlexMap are clearly presented on the geoportal&#8217;s home page, making them easily accessible to all users. It is [&hellip;]<\/p>\n","protected":false},"author":3,"featured_media":0,"parent":9979,"menu_order":0,"comment_status":"closed","ping_status":"closed","template":"","meta":{"_et_pb_use_builder":"on","_et_pb_old_content":"<p>[et_pb_section fb_built=\"1\" _builder_version=\"4.27.4\" _module_preset=\"default\" background_color=\"#e1f0f0\" border_width_bottom=\"1px\" border_color_bottom=\"#73C8D2\" global_module=\"7820\" saved_tabs=\"all\" global_colors_info=\"{}\"][et_pb_row _builder_version=\"4.27.4\" _module_preset=\"default\" global_colors_info=\"{}\"][et_pb_column type=\"4_4\" _builder_version=\"4.27.4\" _module_preset=\"default\" global_colors_info=\"{}\"][et_pb_image src=\"https:\/\/www.geoplex.de\/wp-content\/uploads\/2025\/05\/PlexMap-Logo.svg\" title_text=\"PlexMap-Logo\" url=\"@ET-DC@eyJkeW5hbWljIjp0cnVlLCJjb250ZW50IjoicG9zdF9saW5rX3VybF9wYWdlIiwic2V0dGluZ3MiOnsicG9zdF9pZCI6Ijk3In19@\" _builder_version=\"4.27.4\" _dynamic_attributes=\"url\" _module_preset=\"default\" width=\"100%\" max_width=\"800px\" module_alignment=\"left\" global_colors_info=\"{}\"][\/et_pb_image][\/et_pb_column][\/et_pb_row][\/et_pb_section][et_pb_section fb_built=\"1\" _builder_version=\"4.27.4\" _module_preset=\"default\" background_color=\"#e1f0f0\" border_width_bottom=\"1px\" border_color_bottom=\"#73c8d2\" global_colors_info=\"{}\"][et_pb_row column_structure=\"1_2,1_2\" custom_padding_last_edited=\"on|tablet\" _builder_version=\"4.27.4\" _module_preset=\"default\" custom_padding_tablet=\"35px||25px||false|false\" custom_padding_phone=\"35px||25px||false|false\" global_colors_info=\"{}\"][et_pb_column type=\"1_2\" _builder_version=\"4.27.4\" _module_preset=\"default\" global_colors_info=\"{}\"][et_pb_text admin_label=\"PlexMap Portal\" module_class=\"big-headline\" _builder_version=\"4.27.4\" _module_preset=\"default\" header_text_color=\"#00a0be\" header_font_size=\"30.1px\" custom_margin=\"||||false|false\" header_font_size_last_edited=\"off|desktop\" global_colors_info=\"{}\"]<\/p><h1>PlexMap Portal<\/h1><p>[\/et_pb_text][et_pb_text admin_label=\"PlexMap Portal: Moderne Geoportale einfach erstellen und verwalten.\" module_class=\"big-font\" _builder_version=\"4.27.4\" _module_preset=\"default\" header_2_text_color=\"#00a0be\" global_colors_info=\"{}\"]<\/p><h2>Moderne Geoportale einfach erstellen und verwalten.<\/h2><p>[\/et_pb_text][et_pb_text admin_label=\"Text\" _builder_version=\"4.27.4\" _module_preset=\"default\" header_text_color=\"#64DCF5\" header_2_text_color=\"#64DCF5\" global_colors_info=\"{}\"]<\/p><p>Sie m\u00f6chten ein Geoportal mit PlexMap aufbauen? Dann hilft PlexMap Portal dabei Ihre Karteninhalte auf einer zentralen Plattform anschaulich zu pr\u00e4sentieren.<\/p><p>Auf der Startseite des Geoportals werden die mit PlexMap erstellten Kartenanwendungen \u00fcbersichtlich pr\u00e4sentiert und sind somit f\u00fcr alle Nutzer leicht erreichbar. Zus\u00e4tzlich ist es m\u00f6glich auch Kartenanwendungen von externen Anbietern einzubinden.<\/p><p>Dar\u00fcber hinaus bietet das Geoportal eine Metadatensuche. Hier k\u00f6nnen Nutzer alle \u00f6ffentlich zug\u00e4nglichen Layer durchsuchen und einsehen. Zus\u00e4tzlich k\u00f6nnen INSPIRE-konforme Geodienste bereitgestellt werden (WMS\/WFS).<\/p><p>[\/et_pb_text][\/et_pb_column][et_pb_column type=\"1_2\" _builder_version=\"4.27.4\" _module_preset=\"default\" global_colors_info=\"{}\"][et_pb_image src=\"https:\/\/www.geoplex.de\/wp-content\/uploads\/2025\/05\/Geoplex_Icon_Apps-2025-03.png\" title_text=\"Geoplex_Icon_Apps-2025-03\" align=\"center\" _builder_version=\"4.27.4\" _module_preset=\"default\" max_width=\"350px\" max_width_tablet=\"190px\" max_width_phone=\"190px\" max_width_last_edited=\"on|phone\" module_alignment=\"center\" global_colors_info=\"{}\"][\/et_pb_image][\/et_pb_column][\/et_pb_row][\/et_pb_section][et_pb_section fb_built=\"1\" _builder_version=\"4.27.4\" _module_preset=\"default\" background_color=\"#e1f0f0\" border_width_bottom=\"1px\" border_color_bottom=\"#73c8d2\" global_colors_info=\"{}\"][et_pb_row _builder_version=\"4.27.4\" _module_preset=\"default\" global_colors_info=\"{}\"][et_pb_column type=\"4_4\" _builder_version=\"4.27.4\" _module_preset=\"default\" global_colors_info=\"{}\"][et_pb_text admin_label=\"Vorteile\" _builder_version=\"4.27.4\" _module_preset=\"default\" text_text_color=\"#73C8D2\" header_2_text_color=\"#00a0be\" global_colors_info=\"{}\"]<\/p><h2>Vorteile<\/h2><p>[\/et_pb_text][et_pb_text _builder_version=\"4.27.4\" _module_preset=\"default\" global_colors_info=\"{}\"]<\/p><p>Mit PlexMap Portal erstellen Sie sehr einfach und schnell ansprechende Geoportale. Dabei k\u00f6nnen Sie \u00fcber das Backend auch mehrere Portale parallel gestalten und betreiben. Erfahren Sie alles \u00fcber die Vorteile von PlexMap Portal!<\/p><p>[\/et_pb_text][et_pb_code admin_label=\"Aufklapper\" module_class=\"show-vorteile\" _builder_version=\"4.27.4\" _module_preset=\"default\" global_colors_info=\"{}\"]<a>+<\/a>[\/et_pb_code][et_pb_text admin_label=\"Aufz\u00e4hlung\" module_class=\"vorteile\" _builder_version=\"4.27.4\" _module_preset=\"default\" global_colors_info=\"{}\"]<\/p><ul><li><strong>\u00dcbersichtliches Content Management:<\/strong> das eigene Geoportal im PlexMap Backend einfach verwalten.<\/li><li><strong>Corporate Identity:<\/strong> die genaue Ausgestaltung des Portals (verwendete Bilder, Texte, Farben und Karten) kann ohne Programmierkenntnisse individuell festgelegt werden.<\/li><li><strong>View Cards:<\/strong> mit PlexMap erstellte, \u00f6ffentliche Karten werden \u00fcber eine moderne Kacheloptik einfach und verst\u00e4ndlich visualisiert.<\/li><li><strong>Offen:<\/strong> Auch Karten von Drittanbietern k\u00f6nnen \u00fcber PlexMap Portal einfach ver\u00f6ffentlicht werden.<\/li><li><strong>Mobile Endger\u00e4te:<\/strong> PlexMap Portal verf\u00fcgt \u00fcber ein responsives Design und ist somit auf Smartphones und Tablet-PCs voll lauff\u00e4hig.<\/li><li><strong>Eigener Aufruf-Link:<\/strong> Frei w\u00e4hlbare URL (z.B. www.geoportal-musterstadt.de).<\/li><li><strong>Bereitstellung von Geodiensten:<\/strong> \u00fcber PlexMap Portal k\u00f6nnen Sie Geodienste (WMS\/WFS, OGC API) f\u00fcr alle im Portal dargestellten Layer ver\u00f6ffentlichen.<\/li><li><strong>Individuelle Karten:<\/strong> im Bereich \u201eSuchen\u201c k\u00f6nnen Nutzende alle \u00f6ffentlich einsehbaren Layer durchsuchen und eine individuelle Karte zusammenstellen.<\/li><\/ul><p>[\/et_pb_text][\/et_pb_column][\/et_pb_row][\/et_pb_section][et_pb_section fb_built=\"1\" _builder_version=\"4.27.4\" _module_preset=\"default\" background_color=\"#e1f0f0\" border_color_bottom=\"#73c8d2\" global_colors_info=\"{}\"][et_pb_row _builder_version=\"4.27.4\" _module_preset=\"default\" global_colors_info=\"{}\"][et_pb_column type=\"4_4\" _builder_version=\"4.27.4\" _module_preset=\"default\" global_colors_info=\"{}\"][et_pb_image src=\"https:\/\/www.geoplex.de\/wp-content\/uploads\/2025\/08\/PlexMap-Portal-scaled.png\" title_text=\"PlexMap Portal\" url=\"http:\/\/demo.geoplex.de\" url_new_window=\"on\" align=\"center\" admin_label=\"Bild PlexMap Portal\" _builder_version=\"4.27.4\" _module_preset=\"default\" global_colors_info=\"{}\"][\/et_pb_image][et_pb_text admin_label=\"Exemplarische Darstellung unseres Demo-Portals (generiert mit PlexMap Portal).\" _builder_version=\"4.27.4\" _module_preset=\"default\" link_option_url_new_window=\"on\" global_colors_info=\"{}\"]<\/p><p style=\"text-align: center;\">Exemplarische Darstellung unseres Demo-Portals (generiert mit PlexMap Portal).<\/p><p>[\/et_pb_text][\/et_pb_column][\/et_pb_row][\/et_pb_section]<\/p>","_et_gb_content_width":"","inline_featured_image":false,"footnotes":""},"class_list":["post-10041","page","type-page","status-publish","hentry"],"yoast_head":"<!-- This site is optimized with the Yoast SEO plugin v27.2 - https:\/\/yoast.com\/product\/yoast-seo-wordpress\/ -->\n<title>PlexMap Portal | Geoplex<\/title>\n<meta name=\"robots\" content=\"index, follow, max-snippet:-1, max-image-preview:large, max-video-preview:-1\" \/>\n<link rel=\"canonical\" href=\"https:\/\/www.geoplex.de\/en\/plexmap\/plexmap-portal\/\" \/>\n<meta property=\"og:locale\" content=\"en_US\" \/>\n<meta property=\"og:type\" content=\"article\" \/>\n<meta property=\"og:title\" content=\"PlexMap Portal | Geoplex\" \/>\n<meta property=\"og:description\" content=\"PlexMap Portal Easily create and manage modern geoportals.Would you like to set up a geoportal with PlexMap? Then PlexMap Portal can help you present your map content clearly on a central platform. The map applications created with PlexMap are clearly presented on the geoportal&#039;s home page, making them easily accessible to all users. It is [&hellip;]\" \/>\n<meta property=\"og:url\" content=\"https:\/\/www.geoplex.de\/en\/plexmap\/plexmap-portal\/\" \/>\n<meta property=\"og:site_name\" content=\"Geoplex\" \/>\n<meta property=\"article:publisher\" content=\"https:\/\/www.facebook.com\/GeoplexGIS\/\" \/>\n<meta property=\"article:modified_time\" content=\"2025-10-01T06:34:51+00:00\" \/>\n<meta name=\"twitter:card\" content=\"summary_large_image\" \/>\n<meta name=\"twitter:site\" content=\"@geoplexnews\" \/>\n<meta name=\"twitter:label1\" content=\"Est. reading time\" \/>\n\t<meta name=\"twitter:data1\" content=\"3 minutes\" \/>\n<script type=\"application\/ld+json\" class=\"yoast-schema-graph\">{\"@context\":\"https:\/\/schema.org\",\"@graph\":[{\"@type\":\"WebPage\",\"@id\":\"https:\/\/www.geoplex.de\/en\/plexmap\/plexmap-portal\/\",\"url\":\"https:\/\/www.geoplex.de\/en\/plexmap\/plexmap-portal\/\",\"name\":\"PlexMap Portal | Geoplex\",\"isPartOf\":{\"@id\":\"https:\/\/www.geoplex.de\/en\/#website\"},\"datePublished\":\"2019-10-23T10:13:13+00:00\",\"dateModified\":\"2025-10-01T06:34:51+00:00\",\"breadcrumb\":{\"@id\":\"https:\/\/www.geoplex.de\/en\/plexmap\/plexmap-portal\/#breadcrumb\"},\"inLanguage\":\"en-US\",\"potentialAction\":[{\"@type\":\"ReadAction\",\"target\":[\"https:\/\/www.geoplex.de\/en\/plexmap\/plexmap-portal\/\"]}]},{\"@type\":\"BreadcrumbList\",\"@id\":\"https:\/\/www.geoplex.de\/en\/plexmap\/plexmap-portal\/#breadcrumb\",\"itemListElement\":[{\"@type\":\"ListItem\",\"position\":1,\"name\":\"Startseite\",\"item\":\"https:\/\/www.geoplex.de\/en\/\"},{\"@type\":\"ListItem\",\"position\":2,\"name\":\"PlexMap\",\"item\":\"https:\/\/www.geoplex.de\/en\/plexmap\/\"},{\"@type\":\"ListItem\",\"position\":3,\"name\":\"PlexMap Portal\"}]},{\"@type\":\"WebSite\",\"@id\":\"https:\/\/www.geoplex.de\/en\/#website\",\"url\":\"https:\/\/www.geoplex.de\/en\/\",\"name\":\"Geoplex\",\"description\":\"\",\"potentialAction\":[{\"@type\":\"SearchAction\",\"target\":{\"@type\":\"EntryPoint\",\"urlTemplate\":\"https:\/\/www.geoplex.de\/en\/?s={search_term_string}\"},\"query-input\":{\"@type\":\"PropertyValueSpecification\",\"valueRequired\":true,\"valueName\":\"search_term_string\"}}],\"inLanguage\":\"en-US\"}]}<\/script>\n<!-- \/ Yoast SEO plugin. -->","yoast_head_json":{"title":"PlexMap Portal | Geoplex","robots":{"index":"index","follow":"follow","max-snippet":"max-snippet:-1","max-image-preview":"max-image-preview:large","max-video-preview":"max-video-preview:-1"},"canonical":"https:\/\/www.geoplex.de\/en\/plexmap\/plexmap-portal\/","og_locale":"en_US","og_type":"article","og_title":"PlexMap Portal | Geoplex","og_description":"PlexMap Portal Easily create and manage modern geoportals.Would you like to set up a geoportal with PlexMap? Then PlexMap Portal can help you present your map content clearly on a central platform. The map applications created with PlexMap are clearly presented on the geoportal's home page, making them easily accessible to all users. It is [&hellip;]","og_url":"https:\/\/www.geoplex.de\/en\/plexmap\/plexmap-portal\/","og_site_name":"Geoplex","article_publisher":"https:\/\/www.facebook.com\/GeoplexGIS\/","article_modified_time":"2025-10-01T06:34:51+00:00","twitter_card":"summary_large_image","twitter_site":"@geoplexnews","twitter_misc":{"Est. reading time":"3 minutes"},"schema":{"@context":"https:\/\/schema.org","@graph":[{"@type":"WebPage","@id":"https:\/\/www.geoplex.de\/en\/plexmap\/plexmap-portal\/","url":"https:\/\/www.geoplex.de\/en\/plexmap\/plexmap-portal\/","name":"PlexMap Portal | Geoplex","isPartOf":{"@id":"https:\/\/www.geoplex.de\/en\/#website"},"datePublished":"2019-10-23T10:13:13+00:00","dateModified":"2025-10-01T06:34:51+00:00","breadcrumb":{"@id":"https:\/\/www.geoplex.de\/en\/plexmap\/plexmap-portal\/#breadcrumb"},"inLanguage":"en-US","potentialAction":[{"@type":"ReadAction","target":["https:\/\/www.geoplex.de\/en\/plexmap\/plexmap-portal\/"]}]},{"@type":"BreadcrumbList","@id":"https:\/\/www.geoplex.de\/en\/plexmap\/plexmap-portal\/#breadcrumb","itemListElement":[{"@type":"ListItem","position":1,"name":"Startseite","item":"https:\/\/www.geoplex.de\/en\/"},{"@type":"ListItem","position":2,"name":"PlexMap","item":"https:\/\/www.geoplex.de\/en\/plexmap\/"},{"@type":"ListItem","position":3,"name":"PlexMap Portal"}]},{"@type":"WebSite","@id":"https:\/\/www.geoplex.de\/en\/#website","url":"https:\/\/www.geoplex.de\/en\/","name":"Geoplex","description":"","potentialAction":[{"@type":"SearchAction","target":{"@type":"EntryPoint","urlTemplate":"https:\/\/www.geoplex.de\/en\/?s={search_term_string}"},"query-input":{"@type":"PropertyValueSpecification","valueRequired":true,"valueName":"search_term_string"}}],"inLanguage":"en-US"}]}},"_links":{"self":[{"href":"https:\/\/www.geoplex.de\/en\/wp-json\/wp\/v2\/pages\/10041","targetHints":{"allow":["GET"]}}],"collection":[{"href":"https:\/\/www.geoplex.de\/en\/wp-json\/wp\/v2\/pages"}],"about":[{"href":"https:\/\/www.geoplex.de\/en\/wp-json\/wp\/v2\/types\/page"}],"author":[{"embeddable":true,"href":"https:\/\/www.geoplex.de\/en\/wp-json\/wp\/v2\/users\/3"}],"replies":[{"embeddable":true,"href":"https:\/\/www.geoplex.de\/en\/wp-json\/wp\/v2\/comments?post=10041"}],"version-history":[{"count":3,"href":"https:\/\/www.geoplex.de\/en\/wp-json\/wp\/v2\/pages\/10041\/revisions"}],"predecessor-version":[{"id":10045,"href":"https:\/\/www.geoplex.de\/en\/wp-json\/wp\/v2\/pages\/10041\/revisions\/10045"}],"up":[{"embeddable":true,"href":"https:\/\/www.geoplex.de\/en\/wp-json\/wp\/v2\/pages\/9979"}],"wp:attachment":[{"href":"https:\/\/www.geoplex.de\/en\/wp-json\/wp\/v2\/media?parent=10041"}],"curies":[{"name":"wp","href":"https:\/\/api.w.org\/{rel}","templated":true}]}}