{"id":10022,"date":"2023-07-11T16:25:08","date_gmt":"2023-07-11T14:25:08","guid":{"rendered":"https:\/\/www.geoplex.de\/?page_id=10022"},"modified":"2025-10-01T08:31:00","modified_gmt":"2025-10-01T06:31:00","slug":"plexmap-connect","status":"publish","type":"page","link":"https:\/\/www.geoplex.de\/en\/plexmap\/plexmap-connect\/","title":{"rendered":"PlexMap Connect"},"content":{"rendered":"<p>[et_pb_section fb_built=&#8221;1&#8243; _builder_version=&#8221;4.27.4&#8243; _module_preset=&#8221;default&#8221; background_color=&#8221;#e1f0f0&#8243; border_width_bottom=&#8221;1px&#8221; border_color_bottom=&#8221;#73C8D2&#8243; saved_tabs=&#8221;all&#8221; global_colors_info=&#8221;{}&#8221;][et_pb_row _builder_version=&#8221;4.27.4&#8243; _module_preset=&#8221;default&#8221; global_colors_info=&#8221;{}&#8221;][et_pb_column type=&#8221;4_4&#8243; _builder_version=&#8221;4.27.4&#8243; _module_preset=&#8221;default&#8221; global_colors_info=&#8221;{}&#8221;][et_pb_image src=&#8221;https:\/\/www.geoplex.de\/wp-content\/uploads\/\/2025\/05\/PlexMap-Logo.svg&#8221; title_text=&#8221;PlexMap-Logo&#8221; url=&#8221;@ET-DC@eyJkeW5hbWljIjp0cnVlLCJjb250ZW50IjoicG9zdF9saW5rX3VybF9wYWdlIiwic2V0dGluZ3MiOnsicG9zdF9pZCI6Ijk3In19@&#8221; _builder_version=&#8221;4.27.4&#8243; _dynamic_attributes=&#8221;url&#8221; _module_preset=&#8221;default&#8221; width=&#8221;100%&#8221; max_width=&#8221;800px&#8221; module_alignment=&#8221;left&#8221; global_colors_info=&#8221;{}&#8221;][\/et_pb_image][\/et_pb_column][\/et_pb_row][\/et_pb_section][et_pb_section fb_built=&#8221;1&#8243; _builder_version=&#8221;4.27.4&#8243; _module_preset=&#8221;default&#8221; background_color=&#8221;#e1f0f0&#8243; border_width_bottom=&#8221;1px&#8221; border_color_bottom=&#8221;#73c8d2&#8243; global_colors_info=&#8221;{}&#8221;][et_pb_row column_structure=&#8221;1_2,1_2&#8243; custom_padding_last_edited=&#8221;on|tablet&#8221; _builder_version=&#8221;4.27.4&#8243; _module_preset=&#8221;default&#8221; custom_padding_tablet=&#8221;35px||25px||false|false&#8221; custom_padding_phone=&#8221;35px||25px||false|false&#8221; global_colors_info=&#8221;{}&#8221;][et_pb_column type=&#8221;1_2&#8243; _builder_version=&#8221;4.27.4&#8243; _module_preset=&#8221;default&#8221; global_colors_info=&#8221;{}&#8221;][et_pb_text admin_label=&#8221;PlexMap Connect&#8221; module_class=&#8221;big-headline&#8221; _builder_version=&#8221;4.27.4&#8243; _module_preset=&#8221;default&#8221; header_text_color=&#8221;#00a0be&#8221; header_font_size=&#8221;30.1px&#8221; custom_margin=&#8221;||||false|false&#8221; header_font_size_last_edited=&#8221;off|desktop&#8221; global_colors_info=&#8221;{}&#8221;]<\/p>\n<h1>PlexMap Connect<\/h1>\n<p>[\/et_pb_text][et_pb_text admin_label=&#8221;PlexMap Connect is a chat service in the PlexMap backend.&#8221; module_class=&#8221;big-font&#8221; _builder_version=&#8221;4.27.4&#8243; _module_preset=&#8221;default&#8221; header_2_text_color=&#8221;#00a0be&#8221; hover_enabled=&#8221;0&#8243; global_colors_info=&#8221;{}&#8221; sticky_enabled=&#8221;0&#8243;]<\/p>\n<h2>PlexMap Connect is a chat service in the PlexMap backend.<\/h2>\n<p>[\/et_pb_text][et_pb_text admin_label=&#8221;Text&#8221; _builder_version=&#8221;4.27.4&#8243; _module_preset=&#8221;default&#8221; header_text_color=&#8221;#64DCF5&#8243; header_2_text_color=&#8221;#64DCF5&#8243; hover_enabled=&#8221;0&#8243; global_colors_info=&#8221;{}&#8221; sticky_enabled=&#8221;0&#8243;]<\/p>\n<p>To communicate with each other, users can join existing groups (e.g., for a specific product) or create their own groups, for example, to form a community of interest with Geoplex for the development of new features.<\/p>\n<p>It is also possible to exchange private direct messages in PlexMap Connect. Of course, Connect can also be used to contact support for questions.<\/p>\n<p>PlexMap Connect is free and freely accessible to all backend users. We look forward to lively exchanges and your feedback!<\/p>\n<p>[\/et_pb_text][\/et_pb_column][et_pb_column type=&#8221;1_2&#8243; _builder_version=&#8221;4.27.4&#8243; _module_preset=&#8221;default&#8221; global_colors_info=&#8221;{}&#8221;][et_pb_image src=&#8221;https:\/\/www.geoplex.de\/wp-content\/uploads\/2025\/05\/Geoplex_Icon_Apps-2025-04.png&#8221; title_text=&#8221;Geoplex_Icon_Apps-2025-04&#8243; align=&#8221;center&#8221; _builder_version=&#8221;4.27.4&#8243; _module_preset=&#8221;default&#8221; max_width=&#8221;350px&#8221; max_width_tablet=&#8221;190px&#8221; max_width_phone=&#8221;190px&#8221; max_width_last_edited=&#8221;on|phone&#8221; module_alignment=&#8221;center&#8221; global_colors_info=&#8221;{}&#8221;][\/et_pb_image][\/et_pb_column][\/et_pb_row][\/et_pb_section][et_pb_section fb_built=&#8221;1&#8243; _builder_version=&#8221;4.27.4&#8243; _module_preset=&#8221;default&#8221; background_color=&#8221;#e1f0f0&#8243; border_color_bottom=&#8221;#73c8d2&#8243; global_colors_info=&#8221;{}&#8221;][et_pb_row _builder_version=&#8221;4.27.4&#8243; _module_preset=&#8221;default&#8221; global_colors_info=&#8221;{}&#8221;][et_pb_column type=&#8221;4_4&#8243; _builder_version=&#8221;4.27.4&#8243; _module_preset=&#8221;default&#8221; global_colors_info=&#8221;{}&#8221;][et_pb_image src=&#8221;https:\/\/www.geoplex.de\/wp-content\/uploads\/2025\/08\/PlexMap-Connect-Webseite-scaled.png&#8221; title_text=&#8221;PlexMap Connect Webseite&#8221; _builder_version=&#8221;4.27.4&#8243; _module_preset=&#8221;default&#8221; global_colors_info=&#8221;{}&#8221;][\/et_pb_image][et_pb_text admin_label=&#8221;Exemplarische Darstellung von PlexMap Connect.&#8221; _builder_version=&#8221;4.27.4&#8243; _module_preset=&#8221;default&#8221; hover_enabled=&#8221;0&#8243; global_colors_info=&#8221;{}&#8221; sticky_enabled=&#8221;0&#8243;]<\/p>\n<p style=\"text-align: center;\">Exemplary representation of PlexMap Connect.<\/p>\n<p>[\/et_pb_text][\/et_pb_column][\/et_pb_row][\/et_pb_section]<\/p>\n","protected":false},"excerpt":{"rendered":"<p>PlexMap Connect PlexMap Connect is a chat service in the PlexMap backend.To communicate with each other, users can join existing groups (e.g., for a specific product) or create their own groups, for example, to form a community of interest with Geoplex for the development of new features. It is also possible to exchange private direct [&hellip;]<\/p>\n","protected":false},"author":3,"featured_media":0,"parent":9979,"menu_order":0,"comment_status":"closed","ping_status":"closed","template":"","meta":{"_et_pb_use_builder":"on","_et_pb_old_content":"<p>[et_pb_section fb_built=\"1\" _builder_version=\"4.27.4\" _module_preset=\"default\" background_color=\"#e1f0f0\" border_width_bottom=\"1px\" border_color_bottom=\"#73C8D2\" global_module=\"7820\" saved_tabs=\"all\" global_colors_info=\"{}\"][et_pb_row _builder_version=\"4.27.4\" _module_preset=\"default\" global_colors_info=\"{}\"][et_pb_column type=\"4_4\" _builder_version=\"4.27.4\" _module_preset=\"default\" global_colors_info=\"{}\"][et_pb_image src=\"https:\/\/www.geoplex.de\/wp-content\/uploads\/2025\/05\/PlexMap-Logo.svg\" title_text=\"PlexMap-Logo\" url=\"@ET-DC@eyJkeW5hbWljIjp0cnVlLCJjb250ZW50IjoicG9zdF9saW5rX3VybF9wYWdlIiwic2V0dGluZ3MiOnsicG9zdF9pZCI6Ijk3In19@\" _builder_version=\"4.27.4\" _dynamic_attributes=\"url\" _module_preset=\"default\" width=\"100%\" max_width=\"800px\" module_alignment=\"left\" global_colors_info=\"{}\"][\/et_pb_image][\/et_pb_column][\/et_pb_row][\/et_pb_section][et_pb_section fb_built=\"1\" _builder_version=\"4.27.4\" _module_preset=\"default\" background_color=\"#e1f0f0\" border_width_bottom=\"1px\" border_color_bottom=\"#73c8d2\" global_colors_info=\"{}\"][et_pb_row column_structure=\"1_2,1_2\" custom_padding_last_edited=\"on|tablet\" _builder_version=\"4.27.4\" _module_preset=\"default\" custom_padding_tablet=\"35px||25px||false|false\" custom_padding_phone=\"35px||25px||false|false\" global_colors_info=\"{}\"][et_pb_column type=\"1_2\" _builder_version=\"4.27.4\" _module_preset=\"default\" global_colors_info=\"{}\"][et_pb_text admin_label=\"PlexMap Connect\" module_class=\"big-headline\" _builder_version=\"4.27.4\" _module_preset=\"default\" header_text_color=\"#00a0be\" header_font_size=\"30.1px\" custom_margin=\"||||false|false\" header_font_size_last_edited=\"off|desktop\" global_colors_info=\"{}\"]<\/p><h1>PlexMap Connect<\/h1><p>[\/et_pb_text][et_pb_text admin_label=\"Eine Oberfl\u00e4che, mehr als 300 Funktionen und unz\u00e4hlige M\u00f6glichkeiten zur Verarbeitung Ihrer Geodaten.\" module_class=\"big-font\" _builder_version=\"4.27.4\" _module_preset=\"default\" header_2_text_color=\"#00a0be\" global_colors_info=\"{}\"]<\/p><h2>PlexMap Connect ist ein Chat-Angebot im PlexMap Backend<\/h2><p>[\/et_pb_text][et_pb_text admin_label=\"Text\" _builder_version=\"4.27.4\" _module_preset=\"default\" header_text_color=\"#64DCF5\" header_2_text_color=\"#64DCF5\" global_colors_info=\"{}\"]<\/p><p>Um untereinander zu kommunizieren, k\u00f6nnen Anwender:innen bestehenden Gruppen beitreten (z.B. zu einem bestimmten Produkt) oder auch eigene Gruppen gr\u00fcnden, um zum Beispiel gegen\u00fcber Geoplex eine Interessengemeinschaft f\u00fcr die Entwicklung neuer Features zu bilden.<\/p><p>Auch der Austausch \u00fcber private Direktnachrichten ist in PlexMap Connect m\u00f6glich. Selbstverst\u00e4ndlich kann \u00fcber Connect auch der Support f\u00fcr Fragen kontaktiert werden.<\/p><p>PlexMap Connect ist f\u00fcr alle Backend-Nutzer:innen kostenlos und frei zug\u00e4nglich. Wir freuen uns \u00fcber einen regen Austausch und euer Feedback!<\/p><p>[\/et_pb_text][\/et_pb_column][et_pb_column type=\"1_2\" _builder_version=\"4.27.4\" _module_preset=\"default\" global_colors_info=\"{}\"][et_pb_image src=\"https:\/\/www.geoplex.de\/wp-content\/uploads\/2025\/05\/Geoplex_Icon_Apps-2025-04.png\" title_text=\"Geoplex_Icon_Apps-2025-04\" align=\"center\" _builder_version=\"4.27.4\" _module_preset=\"default\" max_width=\"350px\" max_width_tablet=\"190px\" max_width_phone=\"190px\" max_width_last_edited=\"on|phone\" module_alignment=\"center\" global_colors_info=\"{}\"][\/et_pb_image][\/et_pb_column][\/et_pb_row][\/et_pb_section][et_pb_section fb_built=\"1\" _builder_version=\"4.27.4\" _module_preset=\"default\" background_color=\"#e1f0f0\" border_color_bottom=\"#73c8d2\" global_colors_info=\"{}\"][et_pb_row _builder_version=\"4.27.4\" _module_preset=\"default\" global_colors_info=\"{}\"][et_pb_column type=\"4_4\" _builder_version=\"4.27.4\" _module_preset=\"default\" global_colors_info=\"{}\"][et_pb_image src=\"https:\/\/www.geoplex.de\/wp-content\/uploads\/2025\/08\/PlexMap-Connect-Webseite-scaled.png\" title_text=\"PlexMap Connect Webseite\" _builder_version=\"4.27.4\" _module_preset=\"default\" global_colors_info=\"{}\"][\/et_pb_image][et_pb_text admin_label=\"Exemplarische Darstellung von PlexMap Connect.\" _builder_version=\"4.27.4\" _module_preset=\"default\" global_colors_info=\"{}\"]<\/p><p style=\"text-align: center;\">Exemplarische Darstellung von PlexMap Connect.<\/p><p>[\/et_pb_text][\/et_pb_column][\/et_pb_row][\/et_pb_section]<\/p>","_et_gb_content_width":"","inline_featured_image":false,"footnotes":""},"class_list":["post-10022","page","type-page","status-publish","hentry"],"yoast_head":"<!-- This site is optimized with the Yoast SEO plugin v27.2 - https:\/\/yoast.com\/product\/yoast-seo-wordpress\/ -->\n<title>PlexMap Connect | Geoplex<\/title>\n<meta name=\"robots\" content=\"index, follow, max-snippet:-1, max-image-preview:large, max-video-preview:-1\" \/>\n<link rel=\"canonical\" href=\"https:\/\/www.geoplex.de\/en\/plexmap\/plexmap-connect\/\" \/>\n<meta property=\"og:locale\" content=\"en_US\" \/>\n<meta property=\"og:type\" content=\"article\" \/>\n<meta property=\"og:title\" content=\"PlexMap Connect | Geoplex\" \/>\n<meta property=\"og:description\" content=\"PlexMap Connect PlexMap Connect is a chat service in the PlexMap backend.To communicate with each other, users can join existing groups (e.g., for a specific product) or create their own groups, for example, to form a community of interest with Geoplex for the development of new features. It is also possible to exchange private direct [&hellip;]\" \/>\n<meta property=\"og:url\" content=\"https:\/\/www.geoplex.de\/en\/plexmap\/plexmap-connect\/\" \/>\n<meta property=\"og:site_name\" content=\"Geoplex\" \/>\n<meta property=\"article:publisher\" content=\"https:\/\/www.facebook.com\/GeoplexGIS\/\" \/>\n<meta property=\"article:modified_time\" content=\"2025-10-01T06:31:00+00:00\" \/>\n<meta name=\"twitter:card\" content=\"summary_large_image\" \/>\n<meta name=\"twitter:site\" content=\"@geoplexnews\" \/>\n<meta name=\"twitter:label1\" content=\"Est. reading time\" \/>\n\t<meta name=\"twitter:data1\" content=\"2 minutes\" \/>\n<script type=\"application\/ld+json\" class=\"yoast-schema-graph\">{\"@context\":\"https:\/\/schema.org\",\"@graph\":[{\"@type\":\"WebPage\",\"@id\":\"https:\/\/www.geoplex.de\/en\/plexmap\/plexmap-connect\/\",\"url\":\"https:\/\/www.geoplex.de\/en\/plexmap\/plexmap-connect\/\",\"name\":\"PlexMap Connect | Geoplex\",\"isPartOf\":{\"@id\":\"https:\/\/www.geoplex.de\/en\/#website\"},\"datePublished\":\"2023-07-11T14:25:08+00:00\",\"dateModified\":\"2025-10-01T06:31:00+00:00\",\"breadcrumb\":{\"@id\":\"https:\/\/www.geoplex.de\/en\/plexmap\/plexmap-connect\/#breadcrumb\"},\"inLanguage\":\"en-US\",\"potentialAction\":[{\"@type\":\"ReadAction\",\"target\":[\"https:\/\/www.geoplex.de\/en\/plexmap\/plexmap-connect\/\"]}]},{\"@type\":\"BreadcrumbList\",\"@id\":\"https:\/\/www.geoplex.de\/en\/plexmap\/plexmap-connect\/#breadcrumb\",\"itemListElement\":[{\"@type\":\"ListItem\",\"position\":1,\"name\":\"Startseite\",\"item\":\"https:\/\/www.geoplex.de\/en\/\"},{\"@type\":\"ListItem\",\"position\":2,\"name\":\"PlexMap\",\"item\":\"https:\/\/www.geoplex.de\/en\/plexmap\/\"},{\"@type\":\"ListItem\",\"position\":3,\"name\":\"PlexMap Connect\"}]},{\"@type\":\"WebSite\",\"@id\":\"https:\/\/www.geoplex.de\/en\/#website\",\"url\":\"https:\/\/www.geoplex.de\/en\/\",\"name\":\"Geoplex\",\"description\":\"\",\"potentialAction\":[{\"@type\":\"SearchAction\",\"target\":{\"@type\":\"EntryPoint\",\"urlTemplate\":\"https:\/\/www.geoplex.de\/en\/?s={search_term_string}\"},\"query-input\":{\"@type\":\"PropertyValueSpecification\",\"valueRequired\":true,\"valueName\":\"search_term_string\"}}],\"inLanguage\":\"en-US\"}]}<\/script>\n<!-- \/ Yoast SEO plugin. -->","yoast_head_json":{"title":"PlexMap Connect | Geoplex","robots":{"index":"index","follow":"follow","max-snippet":"max-snippet:-1","max-image-preview":"max-image-preview:large","max-video-preview":"max-video-preview:-1"},"canonical":"https:\/\/www.geoplex.de\/en\/plexmap\/plexmap-connect\/","og_locale":"en_US","og_type":"article","og_title":"PlexMap Connect | Geoplex","og_description":"PlexMap Connect PlexMap Connect is a chat service in the PlexMap backend.To communicate with each other, users can join existing groups (e.g., for a specific product) or create their own groups, for example, to form a community of interest with Geoplex for the development of new features. It is also possible to exchange private direct [&hellip;]","og_url":"https:\/\/www.geoplex.de\/en\/plexmap\/plexmap-connect\/","og_site_name":"Geoplex","article_publisher":"https:\/\/www.facebook.com\/GeoplexGIS\/","article_modified_time":"2025-10-01T06:31:00+00:00","twitter_card":"summary_large_image","twitter_site":"@geoplexnews","twitter_misc":{"Est. reading time":"2 minutes"},"schema":{"@context":"https:\/\/schema.org","@graph":[{"@type":"WebPage","@id":"https:\/\/www.geoplex.de\/en\/plexmap\/plexmap-connect\/","url":"https:\/\/www.geoplex.de\/en\/plexmap\/plexmap-connect\/","name":"PlexMap Connect | Geoplex","isPartOf":{"@id":"https:\/\/www.geoplex.de\/en\/#website"},"datePublished":"2023-07-11T14:25:08+00:00","dateModified":"2025-10-01T06:31:00+00:00","breadcrumb":{"@id":"https:\/\/www.geoplex.de\/en\/plexmap\/plexmap-connect\/#breadcrumb"},"inLanguage":"en-US","potentialAction":[{"@type":"ReadAction","target":["https:\/\/www.geoplex.de\/en\/plexmap\/plexmap-connect\/"]}]},{"@type":"BreadcrumbList","@id":"https:\/\/www.geoplex.de\/en\/plexmap\/plexmap-connect\/#breadcrumb","itemListElement":[{"@type":"ListItem","position":1,"name":"Startseite","item":"https:\/\/www.geoplex.de\/en\/"},{"@type":"ListItem","position":2,"name":"PlexMap","item":"https:\/\/www.geoplex.de\/en\/plexmap\/"},{"@type":"ListItem","position":3,"name":"PlexMap Connect"}]},{"@type":"WebSite","@id":"https:\/\/www.geoplex.de\/en\/#website","url":"https:\/\/www.geoplex.de\/en\/","name":"Geoplex","description":"","potentialAction":[{"@type":"SearchAction","target":{"@type":"EntryPoint","urlTemplate":"https:\/\/www.geoplex.de\/en\/?s={search_term_string}"},"query-input":{"@type":"PropertyValueSpecification","valueRequired":true,"valueName":"search_term_string"}}],"inLanguage":"en-US"}]}},"_links":{"self":[{"href":"https:\/\/www.geoplex.de\/en\/wp-json\/wp\/v2\/pages\/10022","targetHints":{"allow":["GET"]}}],"collection":[{"href":"https:\/\/www.geoplex.de\/en\/wp-json\/wp\/v2\/pages"}],"about":[{"href":"https:\/\/www.geoplex.de\/en\/wp-json\/wp\/v2\/types\/page"}],"author":[{"embeddable":true,"href":"https:\/\/www.geoplex.de\/en\/wp-json\/wp\/v2\/users\/3"}],"replies":[{"embeddable":true,"href":"https:\/\/www.geoplex.de\/en\/wp-json\/wp\/v2\/comments?post=10022"}],"version-history":[{"count":3,"href":"https:\/\/www.geoplex.de\/en\/wp-json\/wp\/v2\/pages\/10022\/revisions"}],"predecessor-version":[{"id":10037,"href":"https:\/\/www.geoplex.de\/en\/wp-json\/wp\/v2\/pages\/10022\/revisions\/10037"}],"up":[{"embeddable":true,"href":"https:\/\/www.geoplex.de\/en\/wp-json\/wp\/v2\/pages\/9979"}],"wp:attachment":[{"href":"https:\/\/www.geoplex.de\/en\/wp-json\/wp\/v2\/media?parent=10022"}],"curies":[{"name":"wp","href":"https:\/\/api.w.org\/{rel}","templated":true}]}}