{"id":10007,"date":"2018-09-11T13:29:31","date_gmt":"2018-09-11T11:29:31","guid":{"rendered":"https:\/\/www.geoplex.de\/?page_id=10007"},"modified":"2025-10-01T08:28:02","modified_gmt":"2025-10-01T06:28:02","slug":"switchboard","status":"publish","type":"page","link":"https:\/\/www.geoplex.de\/en\/plexmap\/switchboard\/","title":{"rendered":"Switchboard"},"content":{"rendered":"<p>[et_pb_section fb_built=&#8221;1&#8243; _builder_version=&#8221;4.27.4&#8243; _module_preset=&#8221;default&#8221; background_color=&#8221;#e1f0f0&#8243; border_width_bottom=&#8221;1px&#8221; border_color_bottom=&#8221;#73C8D2&#8243; saved_tabs=&#8221;all&#8221; global_colors_info=&#8221;{}&#8221;][et_pb_row _builder_version=&#8221;4.27.4&#8243; _module_preset=&#8221;default&#8221; global_colors_info=&#8221;{}&#8221;][et_pb_column type=&#8221;4_4&#8243; _builder_version=&#8221;4.27.4&#8243; _module_preset=&#8221;default&#8221; global_colors_info=&#8221;{}&#8221;][et_pb_image src=&#8221;https:\/\/www.geoplex.de\/wp-content\/uploads\/\/2025\/05\/PlexMap-Logo.svg&#8221; title_text=&#8221;PlexMap-Logo&#8221; url=&#8221;@ET-DC@eyJkeW5hbWljIjp0cnVlLCJjb250ZW50IjoicG9zdF9saW5rX3VybF9wYWdlIiwic2V0dGluZ3MiOnsicG9zdF9pZCI6Ijk3In19@&#8221; _builder_version=&#8221;4.27.4&#8243; _dynamic_attributes=&#8221;url&#8221; _module_preset=&#8221;default&#8221; width=&#8221;100%&#8221; max_width=&#8221;800px&#8221; module_alignment=&#8221;left&#8221; global_colors_info=&#8221;{}&#8221;][\/et_pb_image][\/et_pb_column][\/et_pb_row][\/et_pb_section][et_pb_section fb_built=&#8221;1&#8243; _builder_version=&#8221;4.27.4&#8243; _module_preset=&#8221;default&#8221; background_color=&#8221;#e1f0f0&#8243; border_width_bottom=&#8221;1px&#8221; border_color_bottom=&#8221;#73c8d2&#8243; global_colors_info=&#8221;{}&#8221;][et_pb_row column_structure=&#8221;1_2,1_2&#8243; custom_padding_last_edited=&#8221;on|tablet&#8221; _builder_version=&#8221;4.27.4&#8243; _module_preset=&#8221;default&#8221; custom_padding_tablet=&#8221;35px||25px||false|false&#8221; custom_padding_phone=&#8221;35px||25px||false|false&#8221; global_colors_info=&#8221;{}&#8221;][et_pb_column type=&#8221;1_2&#8243; _builder_version=&#8221;4.27.4&#8243; _module_preset=&#8221;default&#8221; global_colors_info=&#8221;{}&#8221;][et_pb_text admin_label=&#8221;Switchboard&#8221; module_class=&#8221;big-headline&#8221; _builder_version=&#8221;4.27.4&#8243; _module_preset=&#8221;default&#8221; header_text_color=&#8221;#00a0be&#8221; header_font_size=&#8221;30.1px&#8221; custom_margin=&#8221;||||false|false&#8221; header_font_size_last_edited=&#8221;off|desktop&#8221; global_colors_info=&#8221;{}&#8221;]<\/p>\n<h1>Switchboard<\/h1>\n<p>[\/et_pb_text][et_pb_text admin_label=&#8221;One interface, more than 300 functions, and countless possibilities for processing your geodata. &#8221; module_class=&#8221;big-font&#8221; _builder_version=&#8221;4.27.4&#8243; _module_preset=&#8221;default&#8221; header_2_text_color=&#8221;#00a0be&#8221; global_colors_info=&#8221;{}&#8221;]<\/p>\n<h2>One interface, more than 300 functions, and countless possibilities for processing your geodata.<\/h2>\n<p>[\/et_pb_text][et_pb_text admin_label=&#8221;Text&#8221; _builder_version=&#8221;4.27.4&#8243; _module_preset=&#8221;default&#8221; header_text_color=&#8221;#64DCF5&#8243; header_2_text_color=&#8221;#64DCF5&#8243; global_colors_info=&#8221;{}&#8221;]<\/p>\n<p class=\"p1\">The Switchboard is an interface for processing geodata using automatable workflows.<\/p>\n<p class=\"p1\">In the Switchboard, geodata and geofunctions are freely combined in the form of building blocks. A total of more than 300 functions are available with which you can build and execute workflows.<\/p>\n<p class=\"p1\">A live preview directly shows the effects of all intermediate steps. Results generated in the Switchboard can be exported as a file, published as a service (WMS\/WFS), or used in the PlexMap apps.<\/p>\n<p>[\/et_pb_text][\/et_pb_column][et_pb_column type=&#8221;1_2&#8243; _builder_version=&#8221;4.27.4&#8243; _module_preset=&#8221;default&#8221; global_colors_info=&#8221;{}&#8221;][et_pb_image src=&#8221;https:\/\/www.geoplex.de\/wp-content\/uploads\/2025\/05\/Geoplex_Icon_Apps-2025-04.png&#8221; title_text=&#8221;Geoplex_Icon_Apps-2025-04&#8243; align=&#8221;center&#8221; _builder_version=&#8221;4.27.4&#8243; _module_preset=&#8221;default&#8221; max_width=&#8221;350px&#8221; max_width_tablet=&#8221;190px&#8221; max_width_phone=&#8221;190px&#8221; max_width_last_edited=&#8221;on|phone&#8221; module_alignment=&#8221;center&#8221; global_colors_info=&#8221;{}&#8221;][\/et_pb_image][\/et_pb_column][\/et_pb_row][\/et_pb_section][et_pb_section fb_built=&#8221;1&#8243; _builder_version=&#8221;4.27.4&#8243; _module_preset=&#8221;default&#8221; background_color=&#8221;#e1f0f0&#8243; border_width_bottom=&#8221;1px&#8221; border_color_bottom=&#8221;#73c8d2&#8243; global_colors_info=&#8221;{}&#8221;][et_pb_row _builder_version=&#8221;4.27.4&#8243; _module_preset=&#8221;default&#8221; global_colors_info=&#8221;{}&#8221;][et_pb_column type=&#8221;4_4&#8243; _builder_version=&#8221;4.27.4&#8243; _module_preset=&#8221;default&#8221; global_colors_info=&#8221;{}&#8221;][et_pb_text admin_label=&#8221;Vorteile&#8221; _builder_version=&#8221;4.27.4&#8243; _module_preset=&#8221;default&#8221; text_text_color=&#8221;#73C8D2&#8243; header_2_text_color=&#8221;#00a0be&#8221; global_colors_info=&#8221;{}&#8221;]<\/p>\n<h2>Advantages<\/h2>\n<p>[\/et_pb_text][et_pb_text _builder_version=&#8221;4.27.4&#8243; _module_preset=&#8221;default&#8221; global_colors_info=&#8221;{}&#8221;]<\/p>\n<p class=\"p1\">The Switchboard connects data storage directly to the WebViewer. This allows you to fully automate the processing of your geodata as needed. Learn all about the advantages of the PlexMap Switchboard.<span class=\"Apple-converted-space\">\u00a0<\/span><\/p>\n<p>[\/et_pb_text][et_pb_code admin_label=&#8221;Aufklapper&#8221; module_class=&#8221;show-vorteile&#8221; _builder_version=&#8221;4.27.4&#8243; _module_preset=&#8221;default&#8221; global_colors_info=&#8221;{}&#8221;]<a>+<\/a>[\/et_pb_code][et_pb_text admin_label=&#8221;Aufz\u00e4hlung&#8221; module_class=&#8221;vorteile&#8221; _builder_version=&#8221;4.27.4&#8243; _module_preset=&#8221;default&#8221; hover_enabled=&#8221;0&#8243; global_colors_info=&#8221;{}&#8221; sticky_enabled=&#8221;0&#8243;]<\/p>\n<ul>\n<li>\n<p class=\"p1\"><strong>Execute geospatial functions<\/strong> (GDAL, OSGeo): buffering, intersecting, splitting or merging geometries, combining information, and much more. -Filtering: spatial and\/or attribute-based selection of geospatial data.<span class=\"Apple-converted-space\">\u00a0<\/span><\/p>\n<\/li>\n<li>\n<p class=\"p1\"><strong>Filtering:<\/strong> spatial and\/or attribute-based selection of geospatial data.<\/p>\n<\/li>\n<li>\n<p class=\"p1\"><strong>Automation:<\/strong> Switchboards can be executed automatically as needed (time- or event-controlled). <span class=\"Apple-converted-space\">\u00a0<\/span><\/p>\n<\/li>\n<li><strong>Data provision for external parties:<\/strong> ZIP, CSV, PDF, email, Download link.<\/li>\n<li>\n<p class=\"p1\"><strong>Providing data for third-party software:<\/strong> Interfaces to ArcGIS, QGIS, SketchUp, VIS-ALL, AutoCAD, MapInfo, and other systems.<\/p>\n<\/li>\n<li>\n<p class=\"p1\"><strong>Providing geoservices:<\/strong> WMS\/WFS, OGC API.<span class=\"Apple-converted-space\">\u00a0<\/span><\/p>\n<\/li>\n<li>\n<p class=\"p1\"><strong>Speed:<\/strong> Extremely fast computing times, even with large data volumes. &#8211;<\/p>\n<\/li>\n<li><strong>Collaboration:<\/strong> Switchboards can be shared with colleagues and edited collaboratively.<\/li>\n<li>\n<p class=\"p1\"><strong>Users and user groups:<\/strong> Rights to edit geodata are freely configurable.<span class=\"Apple-converted-space\">\u00a0<\/span><\/p>\n<\/li>\n<li>\n<p class=\"p1\"><strong>Creating templates:<\/strong> You can save switchboards and reuse them as templates.<\/p>\n<\/li>\n<li>\n<p class=\"p1\"><strong>CityDoctor:<\/strong> Check your CityGML data directly in the PlexMap Switchboard using CityDoctor.<\/p>\n<\/li>\n<li>\n<p class=\"p1\"><strong>OSM integration:<\/strong> Query and integrate OpenStreetMap data via the Switchboard.<\/p>\n<\/li>\n<li>\n<p class=\"p1\"><strong>Texturing:<\/strong> Texture your 3D city model fully automatically using orthophotos, oblique aerial photographs, and\/or street panoramas.<span class=\"Apple-converted-space\">\u00a0<\/span><\/p>\n<\/li>\n<\/ul>\n<p>[\/et_pb_text][\/et_pb_column][\/et_pb_row][\/et_pb_section][et_pb_section fb_built=&#8221;1&#8243; _builder_version=&#8221;4.27.4&#8243; _module_preset=&#8221;default&#8221; background_color=&#8221;#e1f0f0&#8243; border_color_bottom=&#8221;#73c8d2&#8243; global_colors_info=&#8221;{}&#8221;][et_pb_row _builder_version=&#8221;4.27.4&#8243; _module_preset=&#8221;default&#8221; global_colors_info=&#8221;{}&#8221;][et_pb_column type=&#8221;4_4&#8243; _builder_version=&#8221;4.27.4&#8243; _module_preset=&#8221;default&#8221; global_colors_info=&#8221;{}&#8221;][et_pb_image src=&#8221;https:\/\/www.geoplex.de\/wp-content\/uploads\/2025\/08\/PlexMap-Switchboard-1.png&#8221; title_text=&#8221;Exemplarische Darstellung einer 3D-Datenverarbeitung im PlexMap Switchboard&#8221; _builder_version=&#8221;4.27.4&#8243; _module_preset=&#8221;default&#8221; global_colors_info=&#8221;{}&#8221;][\/et_pb_image][et_pb_text admin_label=&#8221;Exemplarische Darstellung einer 3D-Datenverarbeitung im PlexMap Switchboard&#8221; _builder_version=&#8221;4.27.4&#8243; _module_preset=&#8221;default&#8221; global_colors_info=&#8221;{}&#8221;]<\/p>\n<p class=\"p1\" style=\"text-align: center;\">Example of 3D data processing in the PlexMap Switchboard.<span class=\"Apple-converted-space\">\u00a0<\/span><\/p>\n<p>[\/et_pb_text][\/et_pb_column][\/et_pb_row][\/et_pb_section]<\/p>\n","protected":false},"excerpt":{"rendered":"<p>Switchboard One interface, more than 300 functions, and countless possibilities for processing your geodata.The Switchboard is an interface for processing geodata using automatable workflows. In the Switchboard, geodata and geofunctions are freely combined in the form of building blocks. A total of more than 300 functions are available with which you can build and execute [&hellip;]<\/p>\n","protected":false},"author":3,"featured_media":0,"parent":9979,"menu_order":0,"comment_status":"closed","ping_status":"closed","template":"","meta":{"_et_pb_use_builder":"on","_et_pb_old_content":"<p>[et_pb_section fb_built=\"1\" _builder_version=\"4.27.4\" _module_preset=\"default\" background_color=\"#e1f0f0\" border_width_bottom=\"1px\" border_color_bottom=\"#73C8D2\" global_module=\"7820\" saved_tabs=\"all\" global_colors_info=\"{}\"][et_pb_row _builder_version=\"4.27.4\" _module_preset=\"default\" global_colors_info=\"{}\"][et_pb_column type=\"4_4\" _builder_version=\"4.27.4\" _module_preset=\"default\" global_colors_info=\"{}\"][et_pb_image src=\"https:\/\/www.geoplex.de\/wp-content\/uploads\/2025\/05\/PlexMap-Logo.svg\" title_text=\"PlexMap-Logo\" url=\"@ET-DC@eyJkeW5hbWljIjp0cnVlLCJjb250ZW50IjoicG9zdF9saW5rX3VybF9wYWdlIiwic2V0dGluZ3MiOnsicG9zdF9pZCI6Ijk3In19@\" _builder_version=\"4.27.4\" _dynamic_attributes=\"url\" _module_preset=\"default\" width=\"100%\" max_width=\"800px\" module_alignment=\"left\" global_colors_info=\"{}\"][\/et_pb_image][\/et_pb_column][\/et_pb_row][\/et_pb_section][et_pb_section fb_built=\"1\" _builder_version=\"4.27.4\" _module_preset=\"default\" background_color=\"#e1f0f0\" border_width_bottom=\"1px\" border_color_bottom=\"#73c8d2\" global_colors_info=\"{}\"][et_pb_row column_structure=\"1_2,1_2\" custom_padding_last_edited=\"on|tablet\" _builder_version=\"4.27.4\" _module_preset=\"default\" custom_padding_tablet=\"35px||25px||false|false\" custom_padding_phone=\"35px||25px||false|false\" global_colors_info=\"{}\"][et_pb_column type=\"1_2\" _builder_version=\"4.27.4\" _module_preset=\"default\" global_colors_info=\"{}\"][et_pb_text admin_label=\"Switchboard\" module_class=\"big-headline\" _builder_version=\"4.27.4\" _module_preset=\"default\" header_text_color=\"#00a0be\" header_font_size=\"30.1px\" custom_margin=\"||||false|false\" header_font_size_last_edited=\"off|desktop\" global_colors_info=\"{}\"]<\/p><h1>Switchboard<\/h1><p>[\/et_pb_text][et_pb_text admin_label=\"Eine Oberfl\u00e4che, mehr als 300 Funktionen und unz\u00e4hlige M\u00f6glichkeiten zur Verarbeitung Ihrer Geodaten.\" module_class=\"big-font\" _builder_version=\"4.27.4\" _module_preset=\"default\" header_2_text_color=\"#00a0be\" global_colors_info=\"{}\"]<\/p><h2>Eine Oberfl\u00e4che, mehr als 300 Funktionen und unz\u00e4hlige M\u00f6glichkeiten zur Verarbeitung Ihrer Geodaten.<\/h2><p>[\/et_pb_text][et_pb_text admin_label=\"Text\" _builder_version=\"4.27.4\" _module_preset=\"default\" header_text_color=\"#64DCF5\" header_2_text_color=\"#64DCF5\" global_colors_info=\"{}\"]<\/p><p>Das Switchboard ist eine Oberfl\u00e4che zur Verarbeitung von Geodaten \u00fcber automatisierbare Workflows.<\/p><p>Im Switchboard werden Geodaten und Geofunktionen in Form von Bausteinen frei miteinander kombiniert. Insgesamt sind mehr als 300 Funktionen verf\u00fcgbar mit denen Sie Workflows aufbauen und ausf\u00fchren k\u00f6nnen. Eine Live-Preview zeigt die Auswirkungen aller Zwischenschritte direkt an.<\/p><p>Im Switchboard erzeugte Ergebnisse k\u00f6nnen als Datei exportiert, als Dienst ver\u00f6ffentlicht (WMS\/WFS) oder in den PlexMap-Apps genutzt werden.<\/p><p>[\/et_pb_text][\/et_pb_column][et_pb_column type=\"1_2\" _builder_version=\"4.27.4\" _module_preset=\"default\" global_colors_info=\"{}\"][et_pb_image src=\"https:\/\/www.geoplex.de\/wp-content\/uploads\/2025\/05\/Geoplex_Icon_Apps-2025-04.png\" title_text=\"Geoplex_Icon_Apps-2025-04\" align=\"center\" _builder_version=\"4.27.4\" _module_preset=\"default\" max_width=\"350px\" max_width_tablet=\"190px\" max_width_phone=\"190px\" max_width_last_edited=\"on|phone\" module_alignment=\"center\" global_colors_info=\"{}\"][\/et_pb_image][\/et_pb_column][\/et_pb_row][\/et_pb_section][et_pb_section fb_built=\"1\" _builder_version=\"4.27.4\" _module_preset=\"default\" background_color=\"#e1f0f0\" border_width_bottom=\"1px\" border_color_bottom=\"#73c8d2\" global_colors_info=\"{}\"][et_pb_row _builder_version=\"4.27.4\" _module_preset=\"default\" global_colors_info=\"{}\"][et_pb_column type=\"4_4\" _builder_version=\"4.27.4\" _module_preset=\"default\" global_colors_info=\"{}\"][et_pb_text admin_label=\"Vorteile\" _builder_version=\"4.27.4\" _module_preset=\"default\" text_text_color=\"#73C8D2\" header_2_text_color=\"#00a0be\" global_colors_info=\"{}\"]<\/p><h2>Vorteile<\/h2><p>[\/et_pb_text][et_pb_text _builder_version=\"4.27.4\" _module_preset=\"default\" global_colors_info=\"{}\"]<\/p><p>Das Switchboard vernetzt die Datenhaltung direkt mit dem WebViewer. Auf diese Weise k\u00f6nnen Sie die Fortf\u00fchrung Ihrer Geodaten bei Bedarf vollst\u00e4ndig automatisieren. Erfahren Sie alles \u00fcber die Vorteile des PlexMap Switchboard.<\/p><p>[\/et_pb_text][et_pb_code admin_label=\"Aufklapper\" module_class=\"show-vorteile\" _builder_version=\"4.27.4\" _module_preset=\"default\" global_colors_info=\"{}\"]<a>+<\/a>[\/et_pb_code][et_pb_text admin_label=\"Aufz\u00e4hlung\" module_class=\"vorteile\" _builder_version=\"4.27.4\" _module_preset=\"default\" global_colors_info=\"{}\"]<\/p><ul><li><strong>Geofunktionen ausf\u00fchren<\/strong>\u00a0(GDAL, OSGeo): buffern, verschneiden, Geometrien teilen oder zusammenf\u00fchren, Informationen verbinden u.v.m.<\/li><li><strong>Filterung:<\/strong> r\u00e4umliche und\/oder attributbasierte Auswahl von Geodaten.<\/li><li><strong>Automatisierung:<\/strong> Switchboards k\u00f6nnen bei Bedarf automatisch ausgef\u00fchrt werden (zeit- oder eventgesteuert).<\/li><li><strong>Datenbereitstellung f\u00fcr Externe:<\/strong> ZIP, CSV, PDF, E-Mail, Download-Link.<\/li><li><strong>Bereitstellung von Daten f\u00fcr Software von Drittanbietern:<\/strong> Schnittstellen zu ArcGIS, QGIS, SketchUp, VIS-ALL, AutoCAD, Mapinfo und weiteren Systemen.<\/li><li><strong>Bereitstellung von Geodiensten:<\/strong> WMS\/WFS, OGC API.<\/li><li><strong>Schnelligkeit:<\/strong> extrem schnelle Rechenzeiten auch bei gro\u00dfen Datenmengen.<\/li><li><strong>Zusammenarbeiten:<\/strong> Switchboards k\u00f6nnen mit Kolleg:innen geteilt und gemeinsam bearbeitet werden.<\/li><li><strong>Nutzer und Nutzergruppen:<\/strong> die Rechte zur Bearbeitung von Geodaten sind frei konfigurierbar.<\/li><li><strong>Vorlagen erstellen:<\/strong> Sie k\u00f6nnen Switchboards speichern und als Vorlage wieder benutzen.<\/li><li><strong>CityDoctor:<\/strong> Pr\u00fcfen Sie Ihre CityGML-Daten \u00fcber den CityDoctor direkt im PlexMap Switchboard.<\/li><li><strong>OSM-Anbindung:<\/strong> OpenStreetMap-Daten \u00fcber das Switchboard abfragen und einbinden.<\/li><li><strong>Texturieren:<\/strong> Texturieren Sie Ihr 3D-Stadtmodell vollautomatisch mit Orthophotos, Schr\u00e4gluftbildern und\/oder Stra\u00dfenpanoramas.<\/li><\/ul><p>[\/et_pb_text][\/et_pb_column][\/et_pb_row][\/et_pb_section][et_pb_section fb_built=\"1\" _builder_version=\"4.27.4\" _module_preset=\"default\" background_color=\"#e1f0f0\" border_color_bottom=\"#73c8d2\" global_colors_info=\"{}\"][et_pb_row _builder_version=\"4.27.4\" _module_preset=\"default\" global_colors_info=\"{}\"][et_pb_column type=\"4_4\" _builder_version=\"4.27.4\" _module_preset=\"default\" global_colors_info=\"{}\"][et_pb_image src=\"https:\/\/www.geoplex.de\/wp-content\/uploads\/2025\/08\/PlexMap-Switchboard-1.png\" title_text=\"Exemplarische Darstellung einer 3D-Datenverarbeitung im PlexMap Switchboard\" _builder_version=\"4.27.4\" _module_preset=\"default\" global_colors_info=\"{}\"][\/et_pb_image][et_pb_text admin_label=\"Exemplarische Darstellung einer 3D-Datenverarbeitung im PlexMap Switchboard\" _builder_version=\"4.27.4\" _module_preset=\"default\" global_colors_info=\"{}\"]<\/p><p style=\"text-align: center;\">Exemplarische Darstellung einer 3D-Datenverarbeitung im PlexMap Switchboard.<\/p><p>[\/et_pb_text][\/et_pb_column][\/et_pb_row][\/et_pb_section]<\/p>","_et_gb_content_width":"","inline_featured_image":false,"footnotes":""},"class_list":["post-10007","page","type-page","status-publish","hentry"],"yoast_head":"<!-- This site is optimized with the Yoast SEO plugin v27.2 - https:\/\/yoast.com\/product\/yoast-seo-wordpress\/ -->\n<title>Switchboard | Geoplex<\/title>\n<meta name=\"robots\" content=\"index, follow, max-snippet:-1, max-image-preview:large, max-video-preview:-1\" \/>\n<link rel=\"canonical\" href=\"https:\/\/www.geoplex.de\/en\/plexmap\/switchboard\/\" \/>\n<meta property=\"og:locale\" content=\"en_US\" \/>\n<meta property=\"og:type\" content=\"article\" \/>\n<meta property=\"og:title\" content=\"Switchboard | Geoplex\" \/>\n<meta property=\"og:description\" content=\"Switchboard One interface, more than 300 functions, and countless possibilities for processing your geodata.The Switchboard is an interface for processing geodata using automatable workflows. In the Switchboard, geodata and geofunctions are freely combined in the form of building blocks. A total of more than 300 functions are available with which you can build and execute [&hellip;]\" \/>\n<meta property=\"og:url\" content=\"https:\/\/www.geoplex.de\/en\/plexmap\/switchboard\/\" \/>\n<meta property=\"og:site_name\" content=\"Geoplex\" \/>\n<meta property=\"article:publisher\" content=\"https:\/\/www.facebook.com\/GeoplexGIS\/\" \/>\n<meta property=\"article:modified_time\" content=\"2025-10-01T06:28:02+00:00\" \/>\n<meta name=\"twitter:card\" content=\"summary_large_image\" \/>\n<meta name=\"twitter:site\" content=\"@geoplexnews\" \/>\n<meta name=\"twitter:label1\" content=\"Est. reading time\" \/>\n\t<meta name=\"twitter:data1\" content=\"3 minutes\" \/>\n<script type=\"application\/ld+json\" class=\"yoast-schema-graph\">{\"@context\":\"https:\/\/schema.org\",\"@graph\":[{\"@type\":\"WebPage\",\"@id\":\"https:\/\/www.geoplex.de\/en\/plexmap\/switchboard\/\",\"url\":\"https:\/\/www.geoplex.de\/en\/plexmap\/switchboard\/\",\"name\":\"Switchboard | Geoplex\",\"isPartOf\":{\"@id\":\"https:\/\/www.geoplex.de\/en\/#website\"},\"datePublished\":\"2018-09-11T11:29:31+00:00\",\"dateModified\":\"2025-10-01T06:28:02+00:00\",\"breadcrumb\":{\"@id\":\"https:\/\/www.geoplex.de\/en\/plexmap\/switchboard\/#breadcrumb\"},\"inLanguage\":\"en-US\",\"potentialAction\":[{\"@type\":\"ReadAction\",\"target\":[\"https:\/\/www.geoplex.de\/en\/plexmap\/switchboard\/\"]}]},{\"@type\":\"BreadcrumbList\",\"@id\":\"https:\/\/www.geoplex.de\/en\/plexmap\/switchboard\/#breadcrumb\",\"itemListElement\":[{\"@type\":\"ListItem\",\"position\":1,\"name\":\"Startseite\",\"item\":\"https:\/\/www.geoplex.de\/en\/\"},{\"@type\":\"ListItem\",\"position\":2,\"name\":\"PlexMap\",\"item\":\"https:\/\/www.geoplex.de\/en\/plexmap\/\"},{\"@type\":\"ListItem\",\"position\":3,\"name\":\"Switchboard\"}]},{\"@type\":\"WebSite\",\"@id\":\"https:\/\/www.geoplex.de\/en\/#website\",\"url\":\"https:\/\/www.geoplex.de\/en\/\",\"name\":\"Geoplex\",\"description\":\"\",\"potentialAction\":[{\"@type\":\"SearchAction\",\"target\":{\"@type\":\"EntryPoint\",\"urlTemplate\":\"https:\/\/www.geoplex.de\/en\/?s={search_term_string}\"},\"query-input\":{\"@type\":\"PropertyValueSpecification\",\"valueRequired\":true,\"valueName\":\"search_term_string\"}}],\"inLanguage\":\"en-US\"}]}<\/script>\n<!-- \/ Yoast SEO plugin. -->","yoast_head_json":{"title":"Switchboard | Geoplex","robots":{"index":"index","follow":"follow","max-snippet":"max-snippet:-1","max-image-preview":"max-image-preview:large","max-video-preview":"max-video-preview:-1"},"canonical":"https:\/\/www.geoplex.de\/en\/plexmap\/switchboard\/","og_locale":"en_US","og_type":"article","og_title":"Switchboard | Geoplex","og_description":"Switchboard One interface, more than 300 functions, and countless possibilities for processing your geodata.The Switchboard is an interface for processing geodata using automatable workflows. In the Switchboard, geodata and geofunctions are freely combined in the form of building blocks. A total of more than 300 functions are available with which you can build and execute [&hellip;]","og_url":"https:\/\/www.geoplex.de\/en\/plexmap\/switchboard\/","og_site_name":"Geoplex","article_publisher":"https:\/\/www.facebook.com\/GeoplexGIS\/","article_modified_time":"2025-10-01T06:28:02+00:00","twitter_card":"summary_large_image","twitter_site":"@geoplexnews","twitter_misc":{"Est. reading time":"3 minutes"},"schema":{"@context":"https:\/\/schema.org","@graph":[{"@type":"WebPage","@id":"https:\/\/www.geoplex.de\/en\/plexmap\/switchboard\/","url":"https:\/\/www.geoplex.de\/en\/plexmap\/switchboard\/","name":"Switchboard | Geoplex","isPartOf":{"@id":"https:\/\/www.geoplex.de\/en\/#website"},"datePublished":"2018-09-11T11:29:31+00:00","dateModified":"2025-10-01T06:28:02+00:00","breadcrumb":{"@id":"https:\/\/www.geoplex.de\/en\/plexmap\/switchboard\/#breadcrumb"},"inLanguage":"en-US","potentialAction":[{"@type":"ReadAction","target":["https:\/\/www.geoplex.de\/en\/plexmap\/switchboard\/"]}]},{"@type":"BreadcrumbList","@id":"https:\/\/www.geoplex.de\/en\/plexmap\/switchboard\/#breadcrumb","itemListElement":[{"@type":"ListItem","position":1,"name":"Startseite","item":"https:\/\/www.geoplex.de\/en\/"},{"@type":"ListItem","position":2,"name":"PlexMap","item":"https:\/\/www.geoplex.de\/en\/plexmap\/"},{"@type":"ListItem","position":3,"name":"Switchboard"}]},{"@type":"WebSite","@id":"https:\/\/www.geoplex.de\/en\/#website","url":"https:\/\/www.geoplex.de\/en\/","name":"Geoplex","description":"","potentialAction":[{"@type":"SearchAction","target":{"@type":"EntryPoint","urlTemplate":"https:\/\/www.geoplex.de\/en\/?s={search_term_string}"},"query-input":{"@type":"PropertyValueSpecification","valueRequired":true,"valueName":"search_term_string"}}],"inLanguage":"en-US"}]}},"_links":{"self":[{"href":"https:\/\/www.geoplex.de\/en\/wp-json\/wp\/v2\/pages\/10007","targetHints":{"allow":["GET"]}}],"collection":[{"href":"https:\/\/www.geoplex.de\/en\/wp-json\/wp\/v2\/pages"}],"about":[{"href":"https:\/\/www.geoplex.de\/en\/wp-json\/wp\/v2\/types\/page"}],"author":[{"embeddable":true,"href":"https:\/\/www.geoplex.de\/en\/wp-json\/wp\/v2\/users\/3"}],"replies":[{"embeddable":true,"href":"https:\/\/www.geoplex.de\/en\/wp-json\/wp\/v2\/comments?post=10007"}],"version-history":[{"count":4,"href":"https:\/\/www.geoplex.de\/en\/wp-json\/wp\/v2\/pages\/10007\/revisions"}],"predecessor-version":[{"id":10014,"href":"https:\/\/www.geoplex.de\/en\/wp-json\/wp\/v2\/pages\/10007\/revisions\/10014"}],"up":[{"embeddable":true,"href":"https:\/\/www.geoplex.de\/en\/wp-json\/wp\/v2\/pages\/9979"}],"wp:attachment":[{"href":"https:\/\/www.geoplex.de\/en\/wp-json\/wp\/v2\/media?parent=10007"}],"curies":[{"name":"wp","href":"https:\/\/api.w.org\/{rel}","templated":true}]}}